{"id":6797,"date":"2020-09-22T17:21:06","date_gmt":"2020-09-22T17:21:06","guid":{"rendered":"https:\/\/jankratochvil.com\/?page_id=6797"},"modified":"2020-09-30T12:17:21","modified_gmt":"2020-09-30T12:17:21","slug":"kurzy-pro-deti","status":"publish","type":"page","link":"https:\/\/jankratochvil.com\/en\/kurzy-pro-deti\/","title":{"rendered":"Kurzy pro d\u011bti"},"content":{"rendered":"<div data-elementor-type=\"wp-page\" data-elementor-id=\"6797\" class=\"elementor elementor-6797\">\n\t\t\t\t\t\t<section class=\"elementor-section elementor-top-section elementor-element elementor-element-69116da elementor-section-boxed elementor-section-height-default elementor-section-height-default\" data-id=\"69116da\" data-element_type=\"section\" data-settings=\"{&quot;photography_ext_is_background_parallax&quot;:&quot;false&quot;,&quot;photography_ext_is_background_backdrop&quot;:&quot;false&quot;,&quot;photography_ext_is_background_on_scroll&quot;:&quot;false&quot;}\">\n\t\t\t\t\t\t<div class=\"elementor-container elementor-column-gap-default\">\n\t\t\t\t\t<div class=\"elementor-column elementor-col-100 elementor-top-column elementor-element elementor-element-d872f69\" data-id=\"d872f69\" data-element_type=\"column\" data-settings=\"{&quot;photography_ext_link_sidemenu&quot;:&quot;false&quot;,&quot;photography_ext_link_fullmenu&quot;:&quot;false&quot;,&quot;photography_ext_link_closed_fullmenu&quot;:&quot;false&quot;,&quot;photography_ext_mobile_static&quot;:&quot;false&quot;,&quot;photography_ext_is_scrollme&quot;:&quot;false&quot;,&quot;photography_ext_is_smoove&quot;:&quot;false&quot;,&quot;photography_ext_is_parallax_mouse&quot;:&quot;false&quot;,&quot;photography_ext_is_infinite&quot;:&quot;false&quot;,&quot;photography_ext_is_fadeout_animation&quot;:&quot;false&quot;}\">\n\t\t\t<div class=\"elementor-widget-wrap elementor-element-populated\">\n\t\t\t\t\t\t<section class=\"elementor-section elementor-inner-section elementor-element elementor-element-82464f4 elementor-section-boxed elementor-section-height-default elementor-section-height-default\" data-id=\"82464f4\" data-element_type=\"section\" data-settings=\"{&quot;photography_ext_is_background_parallax&quot;:&quot;false&quot;,&quot;photography_ext_is_background_backdrop&quot;:&quot;false&quot;,&quot;photography_ext_is_background_on_scroll&quot;:&quot;false&quot;}\">\n\t\t\t\t\t\t<div class=\"elementor-container elementor-column-gap-default\">\n\t\t\t\t\t<div class=\"elementor-column elementor-col-100 elementor-inner-column elementor-element elementor-element-d0f2bf1\" data-id=\"d0f2bf1\" data-element_type=\"column\" data-settings=\"{&quot;photography_ext_link_sidemenu&quot;:&quot;false&quot;,&quot;photography_ext_link_fullmenu&quot;:&quot;false&quot;,&quot;photography_ext_link_closed_fullmenu&quot;:&quot;false&quot;,&quot;photography_ext_mobile_static&quot;:&quot;false&quot;,&quot;photography_ext_is_scrollme&quot;:&quot;false&quot;,&quot;photography_ext_is_smoove&quot;:&quot;false&quot;,&quot;photography_ext_is_parallax_mouse&quot;:&quot;false&quot;,&quot;photography_ext_is_infinite&quot;:&quot;false&quot;,&quot;photography_ext_is_fadeout_animation&quot;:&quot;false&quot;}\">\n\t\t\t<div class=\"elementor-widget-wrap elementor-element-populated\">\n\t\t\t\t\t\t<div class=\"elementor-element elementor-element-d0d456c elementor-widget elementor-widget-heading\" data-id=\"d0d456c\" data-element_type=\"widget\" data-settings=\"{&quot;photography_ext_link_sidemenu&quot;:&quot;false&quot;,&quot;photography_ext_link_fullmenu&quot;:&quot;false&quot;,&quot;photography_ext_link_closed_fullmenu&quot;:&quot;false&quot;,&quot;photography_ext_mobile_static&quot;:&quot;false&quot;,&quot;photography_ext_is_scrollme&quot;:&quot;false&quot;,&quot;photography_ext_is_smoove&quot;:&quot;false&quot;,&quot;photography_ext_is_parallax_mouse&quot;:&quot;false&quot;,&quot;photography_ext_is_infinite&quot;:&quot;false&quot;,&quot;photography_ext_is_fadeout_animation&quot;:&quot;false&quot;}\" data-widget_type=\"heading.default\">\n\t\t\t\t<div class=\"elementor-widget-container\">\n\t\t\t\t\t<h2 class=\"elementor-heading-title elementor-size-default\">Aktu\u00e1ln\u00ed kurzy<\/h2>\t\t\t\t<\/div>\n\t\t\t\t<\/div>\n\t\t\t\t<div class=\"elementor-element elementor-element-a18904b elementor-widget elementor-widget-text-editor\" data-id=\"a18904b\" data-element_type=\"widget\" data-settings=\"{&quot;photography_ext_link_sidemenu&quot;:&quot;false&quot;,&quot;photography_ext_link_fullmenu&quot;:&quot;false&quot;,&quot;photography_ext_link_closed_fullmenu&quot;:&quot;false&quot;,&quot;photography_ext_mobile_static&quot;:&quot;false&quot;,&quot;photography_ext_is_scrollme&quot;:&quot;false&quot;,&quot;photography_ext_is_smoove&quot;:&quot;false&quot;,&quot;photography_ext_is_parallax_mouse&quot;:&quot;false&quot;,&quot;photography_ext_is_infinite&quot;:&quot;false&quot;,&quot;photography_ext_is_fadeout_animation&quot;:&quot;false&quot;}\" data-widget_type=\"text-editor.default\">\n\t\t\t\t<div class=\"elementor-widget-container\">\n\t\t\t\t\t\t\t\t\t<p><strong>Kurz analogov\u00e9 fotografie pro za\u010d\u00e1te\u010dn\u00edky (kinofilm + st\u0159edn\u00ed form\u00e1t) &#8211; podrobnosti na tomto odkazu.<\/strong><\/p>\t\t\t\t\t\t\t\t<\/div>\n\t\t\t\t<\/div>\n\t\t\t\t\t<\/div>\n\t\t<\/div>\n\t\t\t\t\t<\/div>\n\t\t<\/section>\n\t\t\t\t<div class=\"elementor-element elementor-element-a4007d8 elementor-widget elementor-widget-image\" data-id=\"a4007d8\" data-element_type=\"widget\" data-settings=\"{&quot;photography_image_is_animation&quot;:&quot;false&quot;,&quot;photography_ext_link_sidemenu&quot;:&quot;false&quot;,&quot;photography_ext_link_fullmenu&quot;:&quot;false&quot;,&quot;photography_ext_link_closed_fullmenu&quot;:&quot;false&quot;,&quot;photography_ext_mobile_static&quot;:&quot;false&quot;,&quot;photography_ext_is_scrollme&quot;:&quot;false&quot;,&quot;photography_ext_is_smoove&quot;:&quot;false&quot;,&quot;photography_ext_is_parallax_mouse&quot;:&quot;false&quot;,&quot;photography_ext_is_infinite&quot;:&quot;false&quot;,&quot;photography_ext_is_fadeout_animation&quot;:&quot;false&quot;}\" data-widget_type=\"image.default\">\n\t\t\t\t<div class=\"elementor-widget-container\">\n\t\t\t\t\t\t\t\t\t\t\t\t\t\t\t<img fetchpriority=\"high\" decoding=\"async\" width=\"768\" height=\"635\" src=\"https:\/\/jankratochvil.com\/wp-content\/uploads\/2020\/09\/fotokurzy-pro-deti-trebic-jan-kratochvil-768x635.png\" class=\"attachment-medium_large size-medium_large wp-image-6810\" alt=\"Fotokurzy T\u0159eb\u00ed\u010d\" \/>\t\t\t\t\t\t\t\t\t\t\t\t\t\t\t<\/div>\n\t\t\t\t<\/div>\n\t\t\t\t<section class=\"elementor-section elementor-inner-section elementor-element elementor-element-46f4af3 elementor-section-boxed elementor-section-height-default elementor-section-height-default\" data-id=\"46f4af3\" data-element_type=\"section\" data-settings=\"{&quot;photography_ext_is_background_parallax&quot;:&quot;false&quot;,&quot;photography_ext_is_background_backdrop&quot;:&quot;false&quot;,&quot;photography_ext_is_background_on_scroll&quot;:&quot;false&quot;}\">\n\t\t\t\t\t\t<div class=\"elementor-container elementor-column-gap-default\">\n\t\t\t\t\t<div class=\"elementor-column elementor-col-50 elementor-inner-column elementor-element elementor-element-4272dff\" data-id=\"4272dff\" data-element_type=\"column\" data-settings=\"{&quot;photography_ext_link_sidemenu&quot;:&quot;false&quot;,&quot;photography_ext_link_fullmenu&quot;:&quot;false&quot;,&quot;photography_ext_link_closed_fullmenu&quot;:&quot;false&quot;,&quot;photography_ext_mobile_static&quot;:&quot;false&quot;,&quot;photography_ext_is_scrollme&quot;:&quot;false&quot;,&quot;photography_ext_is_smoove&quot;:&quot;false&quot;,&quot;photography_ext_is_parallax_mouse&quot;:&quot;false&quot;,&quot;photography_ext_is_infinite&quot;:&quot;false&quot;,&quot;photography_ext_is_fadeout_animation&quot;:&quot;false&quot;}\">\n\t\t\t<div class=\"elementor-widget-wrap\">\n\t\t\t\t\t\t\t<\/div>\n\t\t<\/div>\n\t\t\t\t<div class=\"elementor-column elementor-col-50 elementor-inner-column elementor-element elementor-element-5ad2e4c\" data-id=\"5ad2e4c\" data-element_type=\"column\" data-settings=\"{&quot;photography_ext_link_sidemenu&quot;:&quot;false&quot;,&quot;photography_ext_link_fullmenu&quot;:&quot;false&quot;,&quot;photography_ext_link_closed_fullmenu&quot;:&quot;false&quot;,&quot;photography_ext_mobile_static&quot;:&quot;false&quot;,&quot;photography_ext_is_scrollme&quot;:&quot;false&quot;,&quot;photography_ext_is_smoove&quot;:&quot;false&quot;,&quot;photography_ext_is_parallax_mouse&quot;:&quot;false&quot;,&quot;photography_ext_is_infinite&quot;:&quot;false&quot;,&quot;photography_ext_is_fadeout_animation&quot;:&quot;false&quot;}\">\n\t\t\t<div class=\"elementor-widget-wrap\">\n\t\t\t\t\t\t\t<\/div>\n\t\t<\/div>\n\t\t\t\t\t<\/div>\n\t\t<\/section>\n\t\t\t\t\t<\/div>\n\t\t<\/div>\n\t\t\t\t\t<\/div>\n\t\t<\/section>\n\t\t\t\t<section class=\"elementor-section elementor-top-section elementor-element elementor-element-3347d872 elementor-section-boxed elementor-section-height-default elementor-section-height-default\" data-id=\"3347d872\" data-element_type=\"section\" data-settings=\"{&quot;photography_ext_is_background_parallax&quot;:&quot;false&quot;,&quot;photography_ext_is_background_backdrop&quot;:&quot;false&quot;,&quot;photography_ext_is_background_on_scroll&quot;:&quot;false&quot;}\">\n\t\t\t\t\t\t<div class=\"elementor-container elementor-column-gap-default\">\n\t\t\t\t\t<div class=\"elementor-column elementor-col-100 elementor-top-column elementor-element elementor-element-1bd510e0\" data-id=\"1bd510e0\" data-element_type=\"column\" data-settings=\"{&quot;photography_ext_link_sidemenu&quot;:&quot;false&quot;,&quot;photography_ext_link_fullmenu&quot;:&quot;false&quot;,&quot;photography_ext_link_closed_fullmenu&quot;:&quot;false&quot;,&quot;photography_ext_mobile_static&quot;:&quot;false&quot;,&quot;photography_ext_is_scrollme&quot;:&quot;false&quot;,&quot;photography_ext_is_smoove&quot;:&quot;false&quot;,&quot;photography_ext_is_parallax_mouse&quot;:&quot;false&quot;,&quot;photography_ext_is_infinite&quot;:&quot;false&quot;,&quot;photography_ext_is_fadeout_animation&quot;:&quot;false&quot;}\">\n\t\t\t<div class=\"elementor-widget-wrap elementor-element-populated\">\n\t\t\t\t\t\t<div class=\"elementor-element elementor-element-5b4e24a7 elementor-widget elementor-widget-text-editor\" data-id=\"5b4e24a7\" data-element_type=\"widget\" data-settings=\"{&quot;photography_ext_link_sidemenu&quot;:&quot;false&quot;,&quot;photography_ext_link_fullmenu&quot;:&quot;false&quot;,&quot;photography_ext_link_closed_fullmenu&quot;:&quot;false&quot;,&quot;photography_ext_mobile_static&quot;:&quot;false&quot;,&quot;photography_ext_is_scrollme&quot;:&quot;false&quot;,&quot;photography_ext_is_smoove&quot;:&quot;false&quot;,&quot;photography_ext_is_parallax_mouse&quot;:&quot;false&quot;,&quot;photography_ext_is_infinite&quot;:&quot;false&quot;,&quot;photography_ext_is_fadeout_animation&quot;:&quot;false&quot;}\" data-widget_type=\"text-editor.default\">\n\t\t\t\t<div class=\"elementor-widget-container\">\n\t\t\t\t\t\t\t\t\tKurzy pro d\u011bti je obdobou kurz\u016f pro dosp\u011bl\u00e9.\r\n\r\nZ\u00e1konn\u00fd z\u00e1stupce vypln\u00ed a za\u0161le formul\u00e1\u0159 ke kurz. Sta\u010d\u00ed jednodu\u0161e vyplnit on-line.\r\n<ul>\r\n \t<li>je nutn\u00fd p\u00edsemn\u00fd souhlas z\u00e1konn\u00e9ho z\u00e1stupce<\/li>\r\n \t<li>vyhrazuji si pros\u00edm, \u017ee v p\u0159\u00edpad\u011b nesou\u010dinnosti nebo nep\u0159izp\u016fsobiv\u00e9ho chov\u00e1n\u00ed b\u011bhem kon\u00e1n\u00ed kurzu, m\u016f\u017ee b\u00fdt d\u00edt\u011b na z\u00e1klad\u011b m\u00e9ho pe\u010dliv\u00e9ho zv\u00e1\u017een\u00ed vylou\u010deno. P\u0159ed vylou\u010den\u00edm se budu sna\u017eit kontaktovat z\u00e1konn\u00e9ho z\u00e1stupce, aby se tomuto p\u0159ede\u0161lo. Pokud nebude n\u00e1prava mo\u017en\u00e1, tak z\u00e1konn\u00e9mu z\u00e1stupci bude vr\u00e1cena pom\u011brn\u00e1 \u010d\u00e1st a budou rovn\u011b\u017e p\u0159ipo\u010d\u00edt\u00e1ny n\u00e1klady spojen\u00e9 s materi\u00e1lem a organizac\u00ed kurzu, nejm\u00e9n\u011b v\u0161ak 50 % hodnoty kurzu. V\u011b\u0159\u00edm, \u017ee se to nikdy nestane \ud83d\ude42<\/li>\r\n<\/ul>\r\n&nbsp;\t\t\t\t\t\t\t\t<\/div>\n\t\t\t\t<\/div>\n\t\t\t\t\t<\/div>\n\t\t<\/div>\n\t\t\t\t\t<\/div>\n\t\t<\/section>\n\t\t\t\t<\/div>","protected":false},"excerpt":{"rendered":"<p>Aktu\u00e1ln\u00ed kurzy Kurz analogov\u00e9 fotografie pro za\u010d\u00e1te\u010dn\u00edky (kinofilm + st\u0159edn\u00ed form\u00e1t) &#8211; podrobnosti na tomto odkazu. Kurzy pro d\u011bti je obdobou kurz\u016f pro dosp\u011bl\u00e9. Z\u00e1konn\u00fd z\u00e1stupce vypln\u00ed a za\u0161le formul\u00e1\u0159 ke kurz. Sta\u010d\u00ed jednodu\u0161e vyplnit on-line. je nutn\u00fd p\u00edsemn\u00fd souhlas [&hellip;]<\/p>","protected":false},"author":2,"featured_media":0,"parent":0,"menu_order":0,"comment_status":"closed","ping_status":"closed","template":"","meta":{"_eb_attr":"","footnotes":""},"class_list":["post-6797","page","type-page","status-publish","hentry"],"_links":{"self":[{"href":"https:\/\/jankratochvil.com\/en\/wp-json\/wp\/v2\/pages\/6797","targetHints":{"allow":["GET"]}}],"collection":[{"href":"https:\/\/jankratochvil.com\/en\/wp-json\/wp\/v2\/pages"}],"about":[{"href":"https:\/\/jankratochvil.com\/en\/wp-json\/wp\/v2\/types\/page"}],"author":[{"embeddable":true,"href":"https:\/\/jankratochvil.com\/en\/wp-json\/wp\/v2\/users\/2"}],"replies":[{"embeddable":true,"href":"https:\/\/jankratochvil.com\/en\/wp-json\/wp\/v2\/comments?post=6797"}],"version-history":[{"count":0,"href":"https:\/\/jankratochvil.com\/en\/wp-json\/wp\/v2\/pages\/6797\/revisions"}],"wp:attachment":[{"href":"https:\/\/jankratochvil.com\/en\/wp-json\/wp\/v2\/media?parent=6797"}],"curies":[{"name":"wp","href":"https:\/\/api.w.org\/{rel}","templated":true}]}}