{"id":1786,"date":"2017-05-31T19:18:09","date_gmt":"2017-05-31T19:18:09","guid":{"rendered":"https:\/\/jankratochvil.com\/?page_id=1786"},"modified":"2019-03-16T08:58:33","modified_gmt":"2019-03-16T08:58:33","slug":"portrait-gallery-children-kolodium-collodion","status":"publish","type":"page","link":"https:\/\/jankratochvil.com\/en\/portrait-gallery-children-kolodium-collodion\/","title":{"rendered":"Portrait Gallery Children"},"content":{"rendered":"<style type=\"text\/css\">\n\t\t\t#gallery-1 {\n\t\t\t\tmargin: auto;\n\t\t\t}\n\t\t\t#gallery-1 .gallery-item {\n\t\t\t\tfloat: left;\n\t\t\t\tmargin-top: 10px;\n\t\t\t\ttext-align: center;\n\t\t\t\twidth: 33%;\n\t\t\t}\n\t\t\t#gallery-1 img {\n\t\t\t\tborder: 2px solid #cfcfcf;\n\t\t\t}\n\t\t\t#gallery-1 .gallery-caption {\n\t\t\t\tmargin-left: 0;\n\t\t\t}\n\t\t\t\/* see gallery_shortcode() in wp-includes\/media.php *\/\n\t\t<\/style>\n\t\t<div id='gallery-1' class='gallery galleryid-1786 gallery-columns-3 gallery-size-thumbnail'><dl class='gallery-item'>\n\t\t\t<dt class='gallery-icon portrait'>\n\t\t\t\t<a href='https:\/\/jankratochvil.com\/wp-content\/uploads\/2017\/08\/kolodium-olivie-ambrotypie-collodion-wetplate-ambrotype-jan-kratochvil.jpg'><img decoding=\"async\" width=\"150\" height=\"150\" src=\"https:\/\/jankratochvil.com\/wp-content\/uploads\/2017\/08\/kolodium-olivie-ambrotypie-collodion-wetplate-ambrotype-jan-kratochvil-150x150.jpg\" class=\"attachment-thumbnail size-thumbnail\" alt=\"Olive like in a fairy tale\" \/><\/a>\n\t\t\t<\/dt><\/dl><dl class='gallery-item'>\n\t\t\t<dt class='gallery-icon portrait'>\n\t\t\t\t<a href='https:\/\/jankratochvil.com\/wp-content\/uploads\/2015\/03\/Olivie-1-www.jpg'><img decoding=\"async\" width=\"150\" height=\"150\" src=\"https:\/\/jankratochvil.com\/wp-content\/uploads\/2015\/03\/Olivie-1-www-150x150.jpg\" class=\"attachment-thumbnail size-thumbnail\" alt=\"\" aria-describedby=\"gallery-1-912\" \/><\/a>\n\t\t\t<\/dt>\n\t\t\t\t<dd class='wp-caption-text gallery-caption' id='gallery-1-912'>\n\t\t\t\tOlivie\n\t\t\t\t<\/dd><\/dl><dl class='gallery-item'>\n\t\t\t<dt class='gallery-icon portrait'>\n\t\t\t\t<a href='https:\/\/jankratochvil.com\/wp-content\/uploads\/2014\/01\/Olivie-201405-Kodak-2D-001.jpg'><img decoding=\"async\" width=\"150\" height=\"150\" src=\"https:\/\/jankratochvil.com\/wp-content\/uploads\/2014\/01\/Olivie-201405-Kodak-2D-001-150x150.jpg\" class=\"attachment-thumbnail size-thumbnail\" alt=\"\" aria-describedby=\"gallery-1-338\" \/><\/a>\n\t\t\t<\/dt>\n\t\t\t\t<dd class='wp-caption-text gallery-caption' id='gallery-1-338'>\n\t\t\t\tOlivie,  2014\n\t\t\t\t<\/dd><\/dl><br style=\"clear: both\" \/><dl class='gallery-item'>\n\t\t\t<dt class='gallery-icon portrait'>\n\t\t\t\t<a href='https:\/\/jankratochvil.com\/wp-content\/uploads\/2015\/10\/kolodium-wetplate-ambrotype-olivie-and-friends-by-jan-kratochvil.jpg'><img loading=\"lazy\" decoding=\"async\" width=\"150\" height=\"150\" src=\"https:\/\/jankratochvil.com\/wp-content\/uploads\/2015\/10\/kolodium-wetplate-ambrotype-olivie-and-friends-by-jan-kratochvil-150x150.jpg\" class=\"attachment-thumbnail size-thumbnail\" alt=\"Kolodium Fotografie Jan Kratochv\u00edl\" aria-describedby=\"gallery-1-1121\" \/><\/a>\n\t\t\t<\/dt>\n\t\t\t\t<dd class='wp-caption-text gallery-caption' id='gallery-1-1121'>\n\t\t\t\tOlivie and friends\n\t\t\t\t<\/dd><\/dl><dl class='gallery-item'>\n\t\t\t<dt class='gallery-icon portrait'>\n\t\t\t\t<a href='https:\/\/jankratochvil.com\/wp-content\/uploads\/2014\/01\/20150823_retouched-www-www.jpg'><img loading=\"lazy\" decoding=\"async\" width=\"150\" height=\"150\" src=\"https:\/\/jankratochvil.com\/wp-content\/uploads\/2014\/01\/20150823_retouched-www-www-150x150.jpg\" class=\"attachment-thumbnail size-thumbnail\" alt=\"Olivie &amp; Karolina 2015\" aria-describedby=\"gallery-1-1055\" \/><\/a>\n\t\t\t<\/dt>\n\t\t\t\t<dd class='wp-caption-text gallery-caption' id='gallery-1-1055'>\n\t\t\t\tOlivie &#038; Karolina 2015\n\t\t\t\t<\/dd><\/dl><dl class='gallery-item'>\n\t\t\t<dt class='gallery-icon portrait'>\n\t\t\t\t<a href='https:\/\/jankratochvil.com\/wp-content\/uploads\/2015\/03\/Julie-2-www.jpg'><img loading=\"lazy\" decoding=\"async\" width=\"150\" height=\"150\" src=\"https:\/\/jankratochvil.com\/wp-content\/uploads\/2015\/03\/Julie-2-www-150x150.jpg\" class=\"attachment-thumbnail size-thumbnail\" alt=\"\" aria-describedby=\"gallery-1-916\" \/><\/a>\n\t\t\t<\/dt>\n\t\t\t\t<dd class='wp-caption-text gallery-caption' id='gallery-1-916'>\n\t\t\t\tJulie\n\t\t\t\t<\/dd><\/dl><br style=\"clear: both\" \/><dl class='gallery-item'>\n\t\t\t<dt class='gallery-icon portrait'>\n\t\t\t\t<a href='https:\/\/jankratochvil.com\/wp-content\/uploads\/2014\/01\/kolodium-tintype-collodion-wetplate-kodak-jan-kratochvil-trebic-kaja-2017.jpg'><img loading=\"lazy\" decoding=\"async\" width=\"150\" height=\"150\" src=\"https:\/\/jankratochvil.com\/wp-content\/uploads\/2014\/01\/kolodium-tintype-collodion-wetplate-kodak-jan-kratochvil-trebic-kaja-2017-150x150.jpg\" class=\"attachment-thumbnail size-thumbnail\" alt=\"portr\u00e9t kolodium Jan Kratochv\u00edl fotograf T\u0159eb\u00ed\u010d\" aria-describedby=\"gallery-1-1771\" \/><\/a>\n\t\t\t<\/dt>\n\t\t\t\t<dd class='wp-caption-text gallery-caption' id='gallery-1-1771'>\n\t\t\t\tKarel\n\t\t\t\t<\/dd><\/dl><dl class='gallery-item'>\n\t\t\t<dt class='gallery-icon portrait'>\n\t\t\t\t<a href='https:\/\/jankratochvil.com\/wp-content\/uploads\/2017\/03\/kolodium-tintype-collodion-wetplate-kodak-jan-kratochvil-trebic-2017.jpg'><img loading=\"lazy\" decoding=\"async\" width=\"150\" height=\"150\" src=\"https:\/\/jankratochvil.com\/wp-content\/uploads\/2017\/03\/kolodium-tintype-collodion-wetplate-kodak-jan-kratochvil-trebic-2017-150x150.jpg\" class=\"attachment-thumbnail size-thumbnail\" alt=\"Mlad\u00fd fotograf focen\u00fd na kolodium \/ A young photographer on Tintype\" aria-describedby=\"gallery-1-1748\" \/><\/a>\n\t\t\t<\/dt>\n\t\t\t\t<dd class='wp-caption-text gallery-caption' id='gallery-1-1748'>\n\t\t\t\tKarel\n\t\t\t\t<\/dd><\/dl><dl class='gallery-item'>\n\t\t\t<dt class='gallery-icon portrait'>\n\t\t\t\t<a href='https:\/\/jankratochvil.com\/wp-content\/uploads\/2017\/06\/kolodium-ambrotype-collodion-wetplate-kodak-jan-kratochvil-trebic-olivie-2017.jpg'><img loading=\"lazy\" decoding=\"async\" width=\"150\" height=\"150\" src=\"https:\/\/jankratochvil.com\/wp-content\/uploads\/2017\/06\/kolodium-ambrotype-collodion-wetplate-kodak-jan-kratochvil-trebic-olivie-2017-150x150.jpg\" class=\"attachment-thumbnail size-thumbnail\" alt=\"\" aria-describedby=\"gallery-1-1790\" \/><\/a>\n\t\t\t<\/dt>\n\t\t\t\t<dd class='wp-caption-text gallery-caption' id='gallery-1-1790'>\n\t\t\t\tMy muse on collodion, 2017\n\t\t\t\t<\/dd><\/dl><br style=\"clear: both\" \/><dl class='gallery-item'>\n\t\t\t<dt class='gallery-icon portrait'>\n\t\t\t\t<a href='https:\/\/jankratochvil.com\/wp-content\/uploads\/2019\/01\/Olivie-2017.jpg'><img loading=\"lazy\" decoding=\"async\" width=\"150\" height=\"150\" src=\"https:\/\/jankratochvil.com\/wp-content\/uploads\/2019\/01\/Olivie-2017-150x150.jpg\" class=\"attachment-thumbnail size-thumbnail\" alt=\"\" \/><\/a>\n\t\t\t<\/dt><\/dl>\n\t\t\t<br style='clear: both' \/>\n\t\t<\/div>","protected":false},"excerpt":{"rendered":"","protected":false},"author":1,"featured_media":0,"parent":0,"menu_order":0,"comment_status":"closed","ping_status":"closed","template":"template-featured.php","meta":{"_eb_attr":"","footnotes":""},"class_list":["post-1786","page","type-page","status-publish","hentry"],"_links":{"self":[{"href":"https:\/\/jankratochvil.com\/en\/wp-json\/wp\/v2\/pages\/1786","targetHints":{"allow":["GET"]}}],"collection":[{"href":"https:\/\/jankratochvil.com\/en\/wp-json\/wp\/v2\/pages"}],"about":[{"href":"https:\/\/jankratochvil.com\/en\/wp-json\/wp\/v2\/types\/page"}],"author":[{"embeddable":true,"href":"https:\/\/jankratochvil.com\/en\/wp-json\/wp\/v2\/users\/1"}],"replies":[{"embeddable":true,"href":"https:\/\/jankratochvil.com\/en\/wp-json\/wp\/v2\/comments?post=1786"}],"version-history":[{"count":0,"href":"https:\/\/jankratochvil.com\/en\/wp-json\/wp\/v2\/pages\/1786\/revisions"}],"wp:attachment":[{"href":"https:\/\/jankratochvil.com\/en\/wp-json\/wp\/v2\/media?parent=1786"}],"curies":[{"name":"wp","href":"https:\/\/api.w.org\/{rel}","templated":true}]}}