{"id":1774,"date":"2017-05-28T09:17:57","date_gmt":"2017-05-28T09:17:57","guid":{"rendered":"https:\/\/jankratochvil.com\/?page_id=1774"},"modified":"2017-05-31T19:11:50","modified_gmt":"2017-05-31T19:11:50","slug":"portrait-gallery","status":"publish","type":"page","link":"https:\/\/jankratochvil.com\/en\/portrait-gallery\/","title":{"rendered":"Portrait Gallery Men"},"content":{"rendered":"<style type=\"text\/css\">\n\t\t\t#gallery-1 {\n\t\t\t\tmargin: auto;\n\t\t\t}\n\t\t\t#gallery-1 .gallery-item {\n\t\t\t\tfloat: left;\n\t\t\t\tmargin-top: 10px;\n\t\t\t\ttext-align: center;\n\t\t\t\twidth: 33%;\n\t\t\t}\n\t\t\t#gallery-1 img {\n\t\t\t\tborder: 2px solid #cfcfcf;\n\t\t\t}\n\t\t\t#gallery-1 .gallery-caption {\n\t\t\t\tmargin-left: 0;\n\t\t\t}\n\t\t\t\/* see gallery_shortcode() in wp-includes\/media.php *\/\n\t\t<\/style>\n\t\t<div id='gallery-1' class='gallery galleryid-1774 gallery-columns-3 gallery-size-thumbnail'><dl class='gallery-item'>\n\t\t\t<dt class='gallery-icon portrait'>\n\t\t\t\t<a href='https:\/\/jankratochvil.com\/wp-content\/uploads\/2017\/03\/kolodium-tintype-collodion-wetplate-kodak-jan-kratochvil-trebic-2017.jpg'><img decoding=\"async\" width=\"150\" height=\"150\" src=\"https:\/\/jankratochvil.com\/wp-content\/uploads\/2017\/03\/kolodium-tintype-collodion-wetplate-kodak-jan-kratochvil-trebic-2017-150x150.jpg\" class=\"attachment-thumbnail size-thumbnail\" alt=\"Mlad\u00fd fotograf focen\u00fd na kolodium \/ A young photographer on Tintype\" aria-describedby=\"gallery-1-1748\" \/><\/a>\n\t\t\t<\/dt>\n\t\t\t\t<dd class='wp-caption-text gallery-caption' id='gallery-1-1748'>\n\t\t\t\tKarel\n\t\t\t\t<\/dd><\/dl><dl class='gallery-item'>\n\t\t\t<dt class='gallery-icon portrait'>\n\t\t\t\t<a href='https:\/\/jankratochvil.com\/wp-content\/uploads\/2015\/03\/Filip-9-www.jpg'><img decoding=\"async\" width=\"150\" height=\"150\" src=\"https:\/\/jankratochvil.com\/wp-content\/uploads\/2015\/03\/Filip-9-www-150x150.jpg\" class=\"attachment-thumbnail size-thumbnail\" alt=\"\" aria-describedby=\"gallery-1-921\" \/><\/a>\n\t\t\t<\/dt>\n\t\t\t\t<dd class='wp-caption-text gallery-caption' id='gallery-1-921'>\n\t\t\t\tFilip\n\t\t\t\t<\/dd><\/dl><dl class='gallery-item'>\n\t\t\t<dt class='gallery-icon portrait'>\n\t\t\t\t<a href='https:\/\/jankratochvil.com\/wp-content\/uploads\/2015\/03\/Matty-10-www.jpg'><img decoding=\"async\" width=\"150\" height=\"150\" src=\"https:\/\/jankratochvil.com\/wp-content\/uploads\/2015\/03\/Matty-10-www-150x150.jpg\" class=\"attachment-thumbnail size-thumbnail\" alt=\"\" aria-describedby=\"gallery-1-913\" \/><\/a>\n\t\t\t<\/dt>\n\t\t\t\t<dd class='wp-caption-text gallery-caption' id='gallery-1-913'>\n\t\t\t\tMat\u011bj\n\t\t\t\t<\/dd><\/dl><br style=\"clear: both\" \/><dl class='gallery-item'>\n\t\t\t<dt class='gallery-icon portrait'>\n\t\t\t\t<a href='https:\/\/jankratochvil.com\/wp-content\/uploads\/2015\/03\/Robert-11-www.jpg'><img loading=\"lazy\" decoding=\"async\" width=\"150\" height=\"150\" src=\"https:\/\/jankratochvil.com\/wp-content\/uploads\/2015\/03\/Robert-11-www-150x150.jpg\" class=\"attachment-thumbnail size-thumbnail\" alt=\"\" aria-describedby=\"gallery-1-910\" \/><\/a>\n\t\t\t<\/dt>\n\t\t\t\t<dd class='wp-caption-text gallery-caption' id='gallery-1-910'>\n\t\t\t\tRobert Vlach\n\t\t\t\t<\/dd><\/dl><dl class='gallery-item'>\n\t\t\t<dt class='gallery-icon portrait'>\n\t\t\t\t<a href='https:\/\/jankratochvil.com\/wp-content\/uploads\/2015\/06\/kolodium-kolodium-kolodium-collodion-Silvano-ECW-2016-e1469523355520.jpg'><img loading=\"lazy\" decoding=\"async\" width=\"150\" height=\"150\" src=\"https:\/\/jankratochvil.com\/wp-content\/uploads\/2015\/06\/kolodium-kolodium-kolodium-collodion-Silvano-ECW-2016-e1469523355520-150x150.jpg\" class=\"attachment-thumbnail size-thumbnail\" alt=\"portr\u00e9t kolodium Jan Kratochv\u00edl fotograf T\u0159eb\u00ed\u010d\" aria-describedby=\"gallery-1-1450\" \/><\/a>\n\t\t\t<\/dt>\n\t\t\t\t<dd class='wp-caption-text gallery-caption' id='gallery-1-1450'>\n\t\t\t\tSilvano Magnone\n\t\t\t\t<\/dd><\/dl><dl class='gallery-item'>\n\t\t\t<dt class='gallery-icon portrait'>\n\t\t\t\t<a href='https:\/\/jankratochvil.com\/wp-content\/uploads\/2015\/03\/Borut-12-www.jpg'><img loading=\"lazy\" decoding=\"async\" width=\"150\" height=\"150\" src=\"https:\/\/jankratochvil.com\/wp-content\/uploads\/2015\/03\/Borut-12-www-150x150.jpg\" class=\"attachment-thumbnail size-thumbnail\" alt=\"\" aria-describedby=\"gallery-1-922\" \/><\/a>\n\t\t\t<\/dt>\n\t\t\t\t<dd class='wp-caption-text gallery-caption' id='gallery-1-922'>\n\t\t\t\tBorut Peterlin\n\t\t\t\t<\/dd><\/dl><br style=\"clear: both\" \/><dl class='gallery-item'>\n\t\t\t<dt class='gallery-icon portrait'>\n\t\t\t\t<a href='https:\/\/jankratochvil.com\/wp-content\/uploads\/2015\/03\/Radek-13-www.jpg'><img loading=\"lazy\" decoding=\"async\" width=\"150\" height=\"150\" src=\"https:\/\/jankratochvil.com\/wp-content\/uploads\/2015\/03\/Radek-13-www-150x150.jpg\" class=\"attachment-thumbnail size-thumbnail\" alt=\"\" aria-describedby=\"gallery-1-911\" \/><\/a>\n\t\t\t<\/dt>\n\t\t\t\t<dd class='wp-caption-text gallery-caption' id='gallery-1-911'>\n\t\t\t\tAgnes\n\t\t\t\t<\/dd><\/dl><dl class='gallery-item'>\n\t\t\t<dt class='gallery-icon portrait'>\n\t\t\t\t<a href='https:\/\/jankratochvil.com\/wp-content\/uploads\/2015\/01\/jan-kratochvil-kolodium-2015-scaled.jpg'><img loading=\"lazy\" decoding=\"async\" width=\"150\" height=\"150\" src=\"https:\/\/jankratochvil.com\/wp-content\/uploads\/2015\/01\/jan-kratochvil-kolodium-2015-150x150.jpg\" class=\"attachment-thumbnail size-thumbnail\" alt=\"Kolodium.cz\" aria-describedby=\"gallery-1-1036\" \/><\/a>\n\t\t\t<\/dt>\n\t\t\t\t<dd class='wp-caption-text gallery-caption' id='gallery-1-1036'>\n\t\t\t\tJan Kratochv\u00edl\n\t\t\t\t<\/dd><\/dl><dl class='gallery-item'>\n\t\t\t<dt class='gallery-icon portrait'>\n\t\t\t\t<a href='https:\/\/jankratochvil.com\/wp-content\/uploads\/2015\/03\/Jan-U-14-www.jpg'><img loading=\"lazy\" decoding=\"async\" width=\"150\" height=\"150\" src=\"https:\/\/jankratochvil.com\/wp-content\/uploads\/2015\/03\/Jan-U-14-www-150x150.jpg\" class=\"attachment-thumbnail size-thumbnail\" alt=\"\" aria-describedby=\"gallery-1-917\" \/><\/a>\n\t\t\t<\/dt>\n\t\t\t\t<dd class='wp-caption-text gallery-caption' id='gallery-1-917'>\n\t\t\t\tJan U.\n\t\t\t\t<\/dd><\/dl><br style=\"clear: both\" \/><dl class='gallery-item'>\n\t\t\t<dt class='gallery-icon portrait'>\n\t\t\t\t<a href='https:\/\/jankratochvil.com\/wp-content\/uploads\/2015\/03\/Jan-K-15-www.jpg'><img loading=\"lazy\" decoding=\"async\" width=\"150\" height=\"150\" src=\"https:\/\/jankratochvil.com\/wp-content\/uploads\/2015\/03\/Jan-K-15-www-150x150.jpg\" class=\"attachment-thumbnail size-thumbnail\" alt=\"\" aria-describedby=\"gallery-1-918\" \/><\/a>\n\t\t\t<\/dt>\n\t\t\t\t<dd class='wp-caption-text gallery-caption' id='gallery-1-918'>\n\t\t\t\tJan Kratochvil sen.\n\t\t\t\t<\/dd><\/dl>\n\t\t\t<br style='clear: both' \/>\n\t\t<\/div>","protected":false},"excerpt":{"rendered":"","protected":false},"author":1,"featured_media":0,"parent":0,"menu_order":0,"comment_status":"closed","ping_status":"closed","template":"template-featured.php","meta":{"_eb_attr":"","footnotes":""},"class_list":["post-1774","page","type-page","status-publish","hentry"],"_links":{"self":[{"href":"https:\/\/jankratochvil.com\/en\/wp-json\/wp\/v2\/pages\/1774","targetHints":{"allow":["GET"]}}],"collection":[{"href":"https:\/\/jankratochvil.com\/en\/wp-json\/wp\/v2\/pages"}],"about":[{"href":"https:\/\/jankratochvil.com\/en\/wp-json\/wp\/v2\/types\/page"}],"author":[{"embeddable":true,"href":"https:\/\/jankratochvil.com\/en\/wp-json\/wp\/v2\/users\/1"}],"replies":[{"embeddable":true,"href":"https:\/\/jankratochvil.com\/en\/wp-json\/wp\/v2\/comments?post=1774"}],"version-history":[{"count":0,"href":"https:\/\/jankratochvil.com\/en\/wp-json\/wp\/v2\/pages\/1774\/revisions"}],"wp:attachment":[{"href":"https:\/\/jankratochvil.com\/en\/wp-json\/wp\/v2\/media?parent=1774"}],"curies":[{"name":"wp","href":"https:\/\/api.w.org\/{rel}","templated":true}]}}