{"id":1555,"date":"2016-07-31T16:15:44","date_gmt":"2016-07-31T16:15:44","guid":{"rendered":"http:\/\/jankratochvil.com\/wppg_photogallery\/gallery2\/"},"modified":"2016-07-31T16:15:44","modified_gmt":"2016-07-31T16:15:44","slug":"gallery2","status":"publish","type":"page","link":"https:\/\/jankratochvil.com\/en\/wppg_photogallery\/gallery2\/","title":{"rendered":"Slavnosti r\u016f\u017eov\u00e9ho v\u00edna 2016 T\u0159eb\u00ed\u010d"},"content":{"rendered":"<p>[wppg_photo_gallery id=&#8220;2&#8243;]<\/p>","protected":false},"excerpt":{"rendered":"<p>[wppg_photo_gallery id=&#8220;2&#8243;]<\/p>","protected":false},"author":1,"featured_media":0,"parent":1392,"menu_order":0,"comment_status":"closed","ping_status":"closed","template":"","meta":{"_eb_attr":"","footnotes":""},"class_list":["post-1555","page","type-page","status-publish","hentry"],"_links":{"self":[{"href":"https:\/\/jankratochvil.com\/en\/wp-json\/wp\/v2\/pages\/1555","targetHints":{"allow":["GET"]}}],"collection":[{"href":"https:\/\/jankratochvil.com\/en\/wp-json\/wp\/v2\/pages"}],"about":[{"href":"https:\/\/jankratochvil.com\/en\/wp-json\/wp\/v2\/types\/page"}],"author":[{"embeddable":true,"href":"https:\/\/jankratochvil.com\/en\/wp-json\/wp\/v2\/users\/1"}],"replies":[{"embeddable":true,"href":"https:\/\/jankratochvil.com\/en\/wp-json\/wp\/v2\/comments?post=1555"}],"version-history":[{"count":0,"href":"https:\/\/jankratochvil.com\/en\/wp-json\/wp\/v2\/pages\/1555\/revisions"}],"up":[{"embeddable":true,"href":"https:\/\/jankratochvil.com\/en\/wp-json\/wp\/v2\/pages\/1392"}],"wp:attachment":[{"href":"https:\/\/jankratochvil.com\/en\/wp-json\/wp\/v2\/media?parent=1555"}],"curies":[{"name":"wp","href":"https:\/\/api.w.org\/{rel}","templated":true}]}}