{"id":10703,"date":"2025-01-25T17:57:33","date_gmt":"2025-01-25T17:57:33","guid":{"rendered":"https:\/\/jankratochvil.com\/?page_id=10703"},"modified":"2025-02-04T19:38:54","modified_gmt":"2025-02-04T19:38:54","slug":"horizont-panoramic-camera","status":"publish","type":"page","link":"https:\/\/jankratochvil.com\/en\/horizont-panoramic-camera\/","title":{"rendered":"Horizont Panoramic Camera"},"content":{"rendered":"<style type=\"text\/css\">\n\t\t\t#gallery-1 {\n\t\t\t\tmargin: auto;\n\t\t\t}\n\t\t\t#gallery-1 .gallery-item {\n\t\t\t\tfloat: left;\n\t\t\t\tmargin-top: 10px;\n\t\t\t\ttext-align: center;\n\t\t\t\twidth: 33%;\n\t\t\t}\n\t\t\t#gallery-1 img {\n\t\t\t\tborder: 2px solid #cfcfcf;\n\t\t\t}\n\t\t\t#gallery-1 .gallery-caption {\n\t\t\t\tmargin-left: 0;\n\t\t\t}\n\t\t\t\/* see gallery_shortcode() in wp-includes\/media.php *\/\n\t\t<\/style>\n\t\t<div id='gallery-1' class='gallery galleryid-10703 gallery-columns-3 gallery-size-thumbnail'><dl class='gallery-item'>\n\t\t\t<dt class='gallery-icon landscape'>\n\t\t\t\t<a href='https:\/\/jankratochvil.com\/en\/horizont-panoramic-camera\/horizont-panoramic-camera-jan-kratochvil-1\/'><img decoding=\"async\" width=\"150\" height=\"150\" src=\"https:\/\/jankratochvil.com\/wp-content\/uploads\/2025\/01\/Horizont-panoramic-camera-jan-kratochvil-1-150x150.jpg\" class=\"attachment-thumbnail size-thumbnail\" alt=\"T\u0159eb\u00ed\u010d\" \/><\/a>\n\t\t\t<\/dt><\/dl><dl class='gallery-item'>\n\t\t\t<dt class='gallery-icon landscape'>\n\t\t\t\t<a href='https:\/\/jankratochvil.com\/en\/horizont-panoramic-camera\/horizont-panoramic-camera-jan-kratochvil-2\/'><img decoding=\"async\" width=\"150\" height=\"150\" src=\"https:\/\/jankratochvil.com\/wp-content\/uploads\/2025\/01\/Horizont-panoramic-camera-jan-kratochvil-2-150x150.jpg\" class=\"attachment-thumbnail size-thumbnail\" alt=\"T\u0159eb\u00ed\u010d\" \/><\/a>\n\t\t\t<\/dt><\/dl><dl class='gallery-item'>\n\t\t\t<dt class='gallery-icon landscape'>\n\t\t\t\t<a href='https:\/\/jankratochvil.com\/en\/horizont-panoramic-camera\/horizont-panoramic-camera-jan-kratochvil-3\/'><img decoding=\"async\" width=\"150\" height=\"150\" src=\"https:\/\/jankratochvil.com\/wp-content\/uploads\/2025\/01\/Horizont-panoramic-camera-jan-kratochvil-3-150x150.jpg\" class=\"attachment-thumbnail size-thumbnail\" alt=\"T\u0159eb\u00ed\u010d\" \/><\/a>\n\t\t\t<\/dt><\/dl><br style=\"clear: both\" \/><dl class='gallery-item'>\n\t\t\t<dt class='gallery-icon landscape'>\n\t\t\t\t<a href='https:\/\/jankratochvil.com\/en\/horizont-panoramic-camera\/horizont-panoramic-camera-jan-kratochvil-4\/'><img loading=\"lazy\" decoding=\"async\" width=\"150\" height=\"150\" src=\"https:\/\/jankratochvil.com\/wp-content\/uploads\/2025\/01\/Horizont-panoramic-camera-jan-kratochvil-4-150x150.jpg\" class=\"attachment-thumbnail size-thumbnail\" alt=\"T\u0159eb\u00ed\u010d\" \/><\/a>\n\t\t\t<\/dt><\/dl><dl class='gallery-item'>\n\t\t\t<dt class='gallery-icon landscape'>\n\t\t\t\t<a href='https:\/\/jankratochvil.com\/en\/horizont-panoramic-camera\/horizont-panoramic-camera-jan-kratochvil-5\/'><img loading=\"lazy\" decoding=\"async\" width=\"150\" height=\"150\" src=\"https:\/\/jankratochvil.com\/wp-content\/uploads\/2025\/01\/Horizont-panoramic-camera-jan-kratochvil-5-150x150.jpg\" class=\"attachment-thumbnail size-thumbnail\" alt=\"T\u0159eb\u00ed\u010d\" \/><\/a>\n\t\t\t<\/dt><\/dl><dl class='gallery-item'>\n\t\t\t<dt class='gallery-icon landscape'>\n\t\t\t\t<a href='https:\/\/jankratochvil.com\/en\/horizont-panoramic-camera\/horizont-panoramic-camera-jan-kratochvil-6\/'><img loading=\"lazy\" decoding=\"async\" width=\"150\" height=\"150\" src=\"https:\/\/jankratochvil.com\/wp-content\/uploads\/2025\/01\/Horizont-panoramic-camera-jan-kratochvil-6-150x150.jpg\" class=\"attachment-thumbnail size-thumbnail\" alt=\"T\u0159eb\u00ed\u010d\" \/><\/a>\n\t\t\t<\/dt><\/dl><br style=\"clear: both\" \/><dl class='gallery-item'>\n\t\t\t<dt class='gallery-icon landscape'>\n\t\t\t\t<a href='https:\/\/jankratochvil.com\/en\/horizont-panoramic-camera\/horizont-panoramic-camera-jan-kratochvil-7\/'><img loading=\"lazy\" decoding=\"async\" width=\"150\" height=\"150\" src=\"https:\/\/jankratochvil.com\/wp-content\/uploads\/2025\/01\/Horizont-panoramic-camera-jan-kratochvil-7-150x150.jpg\" class=\"attachment-thumbnail size-thumbnail\" alt=\"T\u0159eb\u00ed\u010d\" \/><\/a>\n\t\t\t<\/dt><\/dl><dl class='gallery-item'>\n\t\t\t<dt class='gallery-icon landscape'>\n\t\t\t\t<a href='https:\/\/jankratochvil.com\/en\/horizont-panoramic-camera\/horizont-panoramic-camera-jan-kratochvil-8\/'><img loading=\"lazy\" decoding=\"async\" width=\"150\" height=\"150\" src=\"https:\/\/jankratochvil.com\/wp-content\/uploads\/2025\/01\/Horizont-panoramic-camera-jan-kratochvil-8-150x150.jpg\" class=\"attachment-thumbnail size-thumbnail\" alt=\"T\u0159eb\u00ed\u010d\" \/><\/a>\n\t\t\t<\/dt><\/dl><dl class='gallery-item'>\n\t\t\t<dt class='gallery-icon landscape'>\n\t\t\t\t<a href='https:\/\/jankratochvil.com\/en\/horizont-panoramic-camera\/horizont-panoramic-camera-jan-kratochvil-9\/'><img loading=\"lazy\" decoding=\"async\" width=\"150\" height=\"150\" src=\"https:\/\/jankratochvil.com\/wp-content\/uploads\/2025\/01\/Horizont-panoramic-camera-jan-kratochvil-9-150x150.jpg\" class=\"attachment-thumbnail size-thumbnail\" alt=\"Jan Kratochv\u00edl, T\u0159eb\u00ed\u010d\" \/><\/a>\n\t\t\t<\/dt><\/dl><br style=\"clear: both\" \/><dl class='gallery-item'>\n\t\t\t<dt class='gallery-icon landscape'>\n\t\t\t\t<a href='https:\/\/jankratochvil.com\/en\/horizont-panoramic-camera\/horizont-panoramic-camera-jan-kratochvil-10\/'><img loading=\"lazy\" decoding=\"async\" width=\"150\" height=\"150\" src=\"https:\/\/jankratochvil.com\/wp-content\/uploads\/2025\/01\/Horizont-panoramic-camera-jan-kratochvil-10-150x150.jpg\" class=\"attachment-thumbnail size-thumbnail\" alt=\"T\u0159eb\u00ed\u010d\" \/><\/a>\n\t\t\t<\/dt><\/dl><dl class='gallery-item'>\n\t\t\t<dt class='gallery-icon landscape'>\n\t\t\t\t<a href='https:\/\/jankratochvil.com\/en\/horizont-panoramic-camera\/horizont-panoramic-camera-jan-kratochvil-11\/'><img loading=\"lazy\" decoding=\"async\" width=\"150\" height=\"150\" src=\"https:\/\/jankratochvil.com\/wp-content\/uploads\/2025\/01\/Horizont-panoramic-camera-jan-kratochvil-11-150x150.jpg\" class=\"attachment-thumbnail size-thumbnail\" alt=\"T\u0159eb\u00ed\u010d\" \/><\/a>\n\t\t\t<\/dt><\/dl><dl class='gallery-item'>\n\t\t\t<dt class='gallery-icon landscape'>\n\t\t\t\t<a href='https:\/\/jankratochvil.com\/en\/horizont-panoramic-camera\/horizont-panoramic-camera-jan-kratochvil-12\/'><img loading=\"lazy\" decoding=\"async\" width=\"150\" height=\"150\" src=\"https:\/\/jankratochvil.com\/wp-content\/uploads\/2025\/01\/Horizont-panoramic-camera-jan-kratochvil-12-150x150.jpg\" class=\"attachment-thumbnail size-thumbnail\" alt=\"T\u0159eb\u00ed\u010d\" \/><\/a>\n\t\t\t<\/dt><\/dl><br style=\"clear: both\" \/><dl class='gallery-item'>\n\t\t\t<dt class='gallery-icon landscape'>\n\t\t\t\t<a href='https:\/\/jankratochvil.com\/en\/horizont-panoramic-camera\/horizont-panoramic-camera-jan-kratochvil-13\/'><img loading=\"lazy\" decoding=\"async\" width=\"150\" height=\"150\" src=\"https:\/\/jankratochvil.com\/wp-content\/uploads\/2025\/01\/Horizont-panoramic-camera-jan-kratochvil-13-150x150.jpg\" class=\"attachment-thumbnail size-thumbnail\" alt=\"T\u0159eb\u00ed\u010d\" \/><\/a>\n\t\t\t<\/dt><\/dl><dl class='gallery-item'>\n\t\t\t<dt class='gallery-icon landscape'>\n\t\t\t\t<a href='https:\/\/jankratochvil.com\/en\/horizont-panoramic-camera\/horizont-panoramic-camera-jan-kratochvil-14\/'><img loading=\"lazy\" decoding=\"async\" width=\"150\" height=\"150\" src=\"https:\/\/jankratochvil.com\/wp-content\/uploads\/2025\/01\/Horizont-panoramic-camera-jan-kratochvil-14-150x150.jpg\" class=\"attachment-thumbnail size-thumbnail\" alt=\"T\u0159eb\u00ed\u010d\" \/><\/a>\n\t\t\t<\/dt><\/dl><dl class='gallery-item'>\n\t\t\t<dt class='gallery-icon landscape'>\n\t\t\t\t<a href='https:\/\/jankratochvil.com\/en\/horizont-panoramic-camera\/horizont-panoramic-camera-jan-kratochvil-15\/'><img loading=\"lazy\" decoding=\"async\" width=\"150\" height=\"150\" src=\"https:\/\/jankratochvil.com\/wp-content\/uploads\/2025\/01\/Horizont-panoramic-camera-jan-kratochvil-15-150x150.jpg\" class=\"attachment-thumbnail size-thumbnail\" alt=\"T\u0159eb\u00ed\u010d\" \/><\/a>\n\t\t\t<\/dt><\/dl><br style=\"clear: both\" \/><dl class='gallery-item'>\n\t\t\t<dt class='gallery-icon landscape'>\n\t\t\t\t<a href='https:\/\/jankratochvil.com\/en\/horizont-panoramic-camera\/horizont-panoramic-camera-jan-kratochvil-16\/'><img loading=\"lazy\" decoding=\"async\" width=\"150\" height=\"150\" src=\"https:\/\/jankratochvil.com\/wp-content\/uploads\/2025\/01\/Horizont-panoramic-camera-jan-kratochvil-16-150x150.jpg\" class=\"attachment-thumbnail size-thumbnail\" alt=\"T\u0159eb\u00ed\u010d\" \/><\/a>\n\t\t\t<\/dt><\/dl><dl class='gallery-item'>\n\t\t\t<dt class='gallery-icon landscape'>\n\t\t\t\t<a href='https:\/\/jankratochvil.com\/en\/horizont-panoramic-camera\/horizont-panoramic-camera-jan-kratochvil-17\/'><img loading=\"lazy\" decoding=\"async\" width=\"150\" height=\"150\" src=\"https:\/\/jankratochvil.com\/wp-content\/uploads\/2025\/01\/Horizont-panoramic-camera-jan-kratochvil-17-150x150.jpg\" class=\"attachment-thumbnail size-thumbnail\" alt=\"T\u0159eb\u00ed\u010d\" \/><\/a>\n\t\t\t<\/dt><\/dl><dl class='gallery-item'>\n\t\t\t<dt class='gallery-icon landscape'>\n\t\t\t\t<a href='https:\/\/jankratochvil.com\/en\/horizont-panoramic-camera\/horizont-panoramic-camera-jan-kratochvil-18\/'><img loading=\"lazy\" decoding=\"async\" width=\"150\" height=\"150\" src=\"https:\/\/jankratochvil.com\/wp-content\/uploads\/2025\/01\/Horizont-panoramic-camera-jan-kratochvil-18-150x150.jpg\" class=\"attachment-thumbnail size-thumbnail\" alt=\"T\u0159eb\u00ed\u010d\" \/><\/a>\n\t\t\t<\/dt><\/dl><br style=\"clear: both\" \/><dl class='gallery-item'>\n\t\t\t<dt class='gallery-icon landscape'>\n\t\t\t\t<a href='https:\/\/jankratochvil.com\/en\/horizont-panoramic-camera\/horizont-panoramic-camera-jan-kratochvil-19\/'><img loading=\"lazy\" decoding=\"async\" width=\"150\" height=\"150\" src=\"https:\/\/jankratochvil.com\/wp-content\/uploads\/2025\/01\/Horizont-panoramic-camera-jan-kratochvil-19-150x150.jpg\" class=\"attachment-thumbnail size-thumbnail\" alt=\"T\u0159eb\u00ed\u010d\" \/><\/a>\n\t\t\t<\/dt><\/dl><dl class='gallery-item'>\n\t\t\t<dt class='gallery-icon landscape'>\n\t\t\t\t<a href='https:\/\/jankratochvil.com\/en\/horizont-panoramic-camera\/horizont-panoramic-camera-jan-kratochvil-20\/'><img loading=\"lazy\" decoding=\"async\" width=\"150\" height=\"150\" src=\"https:\/\/jankratochvil.com\/wp-content\/uploads\/2025\/01\/Horizont-panoramic-camera-jan-kratochvil-20-150x150.jpg\" class=\"attachment-thumbnail size-thumbnail\" alt=\"T\u0159eb\u00ed\u010d\" \/><\/a>\n\t\t\t<\/dt><\/dl>\n\t\t\t<br style='clear: both' \/>\n\t\t<\/div>","protected":false},"excerpt":{"rendered":"","protected":false},"author":2,"featured_media":0,"parent":0,"menu_order":0,"comment_status":"closed","ping_status":"closed","template":"portfolio-3-contained.php","meta":{"_eb_attr":"","footnotes":""},"class_list":["post-10703","page","type-page","status-publish","hentry"],"_links":{"self":[{"href":"https:\/\/jankratochvil.com\/en\/wp-json\/wp\/v2\/pages\/10703","targetHints":{"allow":["GET"]}}],"collection":[{"href":"https:\/\/jankratochvil.com\/en\/wp-json\/wp\/v2\/pages"}],"about":[{"href":"https:\/\/jankratochvil.com\/en\/wp-json\/wp\/v2\/types\/page"}],"author":[{"embeddable":true,"href":"https:\/\/jankratochvil.com\/en\/wp-json\/wp\/v2\/users\/2"}],"replies":[{"embeddable":true,"href":"https:\/\/jankratochvil.com\/en\/wp-json\/wp\/v2\/comments?post=10703"}],"version-history":[{"count":4,"href":"https:\/\/jankratochvil.com\/en\/wp-json\/wp\/v2\/pages\/10703\/revisions"}],"predecessor-version":[{"id":10729,"href":"https:\/\/jankratochvil.com\/en\/wp-json\/wp\/v2\/pages\/10703\/revisions\/10729"}],"wp:attachment":[{"href":"https:\/\/jankratochvil.com\/en\/wp-json\/wp\/v2\/media?parent=10703"}],"curies":[{"name":"wp","href":"https:\/\/api.w.org\/{rel}","templated":true}]}}