{"id":6006,"date":"2020-01-06T09:14:44","date_gmt":"2020-01-06T09:14:44","guid":{"rendered":"https:\/\/jankratochvil.com\/?page_id=6006"},"modified":"2020-02-05T13:35:36","modified_gmt":"2020-02-05T13:35:36","slug":"foceni-fotograf-jan-kratochvil-trebic","status":"publish","type":"page","link":"https:\/\/jankratochvil.com\/cs_cz\/foceni-fotograf-jan-kratochvil-trebic\/","title":{"rendered":"M\u00e1m z\u00e1jem o focen\u00ed"},"content":{"rendered":"\t\t<div data-elementor-type=\"wp-page\" data-elementor-id=\"6006\" class=\"elementor elementor-6006\">\n\t\t\t\t\t\t<section class=\"elementor-section elementor-top-section elementor-element elementor-element-5a807c33 elementor-section-boxed elementor-section-height-default elementor-section-height-default\" data-id=\"5a807c33\" data-element_type=\"section\" data-settings=\"{&quot;photography_ext_is_background_parallax&quot;:&quot;false&quot;,&quot;photography_ext_is_background_backdrop&quot;:&quot;false&quot;,&quot;photography_ext_is_background_on_scroll&quot;:&quot;false&quot;}\">\n\t\t\t\t\t\t<div class=\"elementor-container elementor-column-gap-default\">\n\t\t\t\t\t<div class=\"elementor-column elementor-col-100 elementor-top-column elementor-element elementor-element-3b443035\" data-id=\"3b443035\" data-element_type=\"column\" data-settings=\"{&quot;photography_ext_link_sidemenu&quot;:&quot;false&quot;,&quot;photography_ext_link_fullmenu&quot;:&quot;false&quot;,&quot;photography_ext_link_closed_fullmenu&quot;:&quot;false&quot;,&quot;photography_ext_mobile_static&quot;:&quot;false&quot;,&quot;photography_ext_is_scrollme&quot;:&quot;false&quot;,&quot;photography_ext_is_smoove&quot;:&quot;false&quot;,&quot;photography_ext_is_parallax_mouse&quot;:&quot;false&quot;,&quot;photography_ext_is_infinite&quot;:&quot;false&quot;,&quot;photography_ext_is_fadeout_animation&quot;:&quot;false&quot;}\">\n\t\t\t<div class=\"elementor-widget-wrap elementor-element-populated\">\n\t\t\t\t\t\t<div class=\"elementor-element elementor-element-778251fa elementor-widget elementor-widget-text-editor\" data-id=\"778251fa\" data-element_type=\"widget\" data-settings=\"{&quot;photography_ext_link_sidemenu&quot;:&quot;false&quot;,&quot;photography_ext_link_fullmenu&quot;:&quot;false&quot;,&quot;photography_ext_link_closed_fullmenu&quot;:&quot;false&quot;,&quot;photography_ext_mobile_static&quot;:&quot;false&quot;,&quot;photography_ext_is_scrollme&quot;:&quot;false&quot;,&quot;photography_ext_is_smoove&quot;:&quot;false&quot;,&quot;photography_ext_is_parallax_mouse&quot;:&quot;false&quot;,&quot;photography_ext_is_infinite&quot;:&quot;false&quot;,&quot;photography_ext_is_fadeout_animation&quot;:&quot;false&quot;}\" data-widget_type=\"text-editor.default\">\n\t\t\t\t<div class=\"elementor-widget-container\">\n\t\t\t\t\t\t\t\t\t<h2>Informace k fotografov\u00e1n\u00ed<\/h2><p>V\u011bnuji se p\u0159edev\u0161\u00edm individu\u00e1ln\u00edm a skupinov\u00fdm portr\u00e9t\u016fm.<br \/>Mohu vyhov\u011bt i va\u0161im jin\u00fdm p\u0159\u00e1n\u00edm a vyfotit t\u0159eba va\u0161i <a href=\"https:\/\/www.instagram.com\/p\/Bzqjuv-APg7\">ko\u010dku jako zde<\/a> \ud83d\ude3b nebo d\u016fm\ud83c\udfe1 a jeho interi\u00e9r.<br \/>Focen\u00ed prov\u00e1d\u00edm jak digit\u00e1ln\u00ed technikou, tak i analogov\u00fdmi fotoapar\u00e1ty od klasick\u00e9ho kinofilmu a\u017e po velkoform\u00e1tov\u00e9 kamery.<\/p><p>Kontaktujte mne pros\u00edm jednodu\u0161e prost\u0159ednictv\u00edm m\u00fdch <a href=\"https:\/\/jankratochvil.com\/kontakt-jan-kratochvil-fotograf-trebic\/\">kontakt\u016f zde <\/a>a probereme spole\u010dn\u011b detaily a napl\u00e1nujeme term\u00edn.<br \/>Budu se sna\u017eit splnit va\u0161e po\u017eadavky tak, abychom byli s v\u00fdsledkem spokojeni.<\/p><p><strong>P\u016fsobnost: Cel\u00e1 \u010cR + Evropa.<\/strong><\/p><p>\u00a0<\/p>\t\t\t\t\t\t\t\t<\/div>\n\t\t\t\t<\/div>\n\t\t\t\t\t<\/div>\n\t\t<\/div>\n\t\t\t\t\t<\/div>\n\t\t<\/section>\n\t\t\t\t<section class=\"elementor-section elementor-top-section elementor-element elementor-element-f916c21 elementor-section-boxed elementor-section-height-default elementor-section-height-default\" data-id=\"f916c21\" data-element_type=\"section\" data-settings=\"{&quot;photography_ext_is_background_parallax&quot;:&quot;false&quot;,&quot;photography_ext_is_background_backdrop&quot;:&quot;false&quot;,&quot;photography_ext_is_background_on_scroll&quot;:&quot;false&quot;}\">\n\t\t\t\t\t\t<div class=\"elementor-container elementor-column-gap-default\">\n\t\t\t\t\t<div class=\"elementor-column elementor-col-100 elementor-top-column elementor-element elementor-element-5110635\" data-id=\"5110635\" data-element_type=\"column\" data-settings=\"{&quot;photography_ext_link_sidemenu&quot;:&quot;false&quot;,&quot;photography_ext_link_fullmenu&quot;:&quot;false&quot;,&quot;photography_ext_link_closed_fullmenu&quot;:&quot;false&quot;,&quot;photography_ext_mobile_static&quot;:&quot;false&quot;,&quot;photography_ext_is_scrollme&quot;:&quot;false&quot;,&quot;photography_ext_is_smoove&quot;:&quot;false&quot;,&quot;photography_ext_is_parallax_mouse&quot;:&quot;false&quot;,&quot;photography_ext_is_infinite&quot;:&quot;false&quot;,&quot;photography_ext_is_fadeout_animation&quot;:&quot;false&quot;}\">\n\t\t\t<div class=\"elementor-widget-wrap elementor-element-populated\">\n\t\t\t\t\t\t<div class=\"elementor-element elementor-element-1873808 elementor-arrows-position-inside elementor-pagination-position-outside elementor-widget elementor-widget-image-carousel\" data-id=\"1873808\" data-element_type=\"widget\" data-settings=\"{&quot;navigation&quot;:&quot;both&quot;,&quot;autoplay&quot;:&quot;yes&quot;,&quot;pause_on_hover&quot;:&quot;yes&quot;,&quot;pause_on_interaction&quot;:&quot;yes&quot;,&quot;autoplay_speed&quot;:5000,&quot;infinite&quot;:&quot;yes&quot;,&quot;speed&quot;:500,&quot;photography_ext_link_sidemenu&quot;:&quot;false&quot;,&quot;photography_ext_link_fullmenu&quot;:&quot;false&quot;,&quot;photography_ext_link_closed_fullmenu&quot;:&quot;false&quot;,&quot;photography_ext_mobile_static&quot;:&quot;false&quot;,&quot;photography_ext_is_scrollme&quot;:&quot;false&quot;,&quot;photography_ext_is_smoove&quot;:&quot;false&quot;,&quot;photography_ext_is_parallax_mouse&quot;:&quot;false&quot;,&quot;photography_ext_is_infinite&quot;:&quot;false&quot;,&quot;photography_ext_is_fadeout_animation&quot;:&quot;false&quot;}\" data-widget_type=\"image-carousel.default\">\n\t\t\t\t<div class=\"elementor-widget-container\">\n\t\t\t\t\t\t\t<div class=\"elementor-image-carousel-wrapper swiper\" role=\"region\" aria-roledescription=\"carousel\" aria-label=\"Obr\u00e1zkov\u00fd koloto\u010d\" dir=\"ltr\">\n\t\t\t<div class=\"elementor-image-carousel swiper-wrapper\" aria-live=\"off\">\n\t\t\t\t\t\t\t\t<div class=\"swiper-slide\" role=\"group\" aria-roledescription=\"slide\" aria-label=\"1 z 3\"><figure class=\"swiper-slide-inner\"><img decoding=\"async\" class=\"swiper-slide-image\" src=\"https:\/\/jankratochvil.com\/wp-content\/uploads\/2019\/08\/jan-kratochvil-fujifilm-trebic-fotograf-portret-768x1152.jpg\" alt=\"jan-kratochvil-fujifilm-trebic-fotograf-portret\" \/><\/figure><\/div><div class=\"swiper-slide\" role=\"group\" aria-roledescription=\"slide\" aria-label=\"2 z 3\"><figure class=\"swiper-slide-inner\"><img decoding=\"async\" class=\"swiper-slide-image\" src=\"https:\/\/jankratochvil.com\/wp-content\/uploads\/2019\/07\/jan-kratochvil-fujifilm-trebic-fotograf-1-768x1152.jpg\" alt=\"jan-kratochvil-fujifilm-trebic-fotograf 1\" \/><\/figure><\/div><div class=\"swiper-slide\" role=\"group\" aria-roledescription=\"slide\" aria-label=\"3 z 3\"><figure class=\"swiper-slide-inner\"><img decoding=\"async\" class=\"swiper-slide-image\" src=\"https:\/\/jankratochvil.com\/wp-content\/uploads\/2019\/09\/jindra-holubec-studio-v-zlin-jan-kratochvil-768x1147.jpg\" alt=\"Jindra Holubec, Jan Kratochv\u00edl, fotograf T\u0159eb\u00ed\u010d\" \/><\/figure><\/div>\t\t\t<\/div>\n\t\t\t\t\t\t\t\t\t\t\t\t<div class=\"elementor-swiper-button elementor-swiper-button-prev\" role=\"button\" tabindex=\"0\">\n\t\t\t\t\t\t<i aria-hidden=\"true\" class=\"eicon-chevron-left\"><\/i>\t\t\t\t\t<\/div>\n\t\t\t\t\t<div class=\"elementor-swiper-button elementor-swiper-button-next\" role=\"button\" tabindex=\"0\">\n\t\t\t\t\t\t<i aria-hidden=\"true\" class=\"eicon-chevron-right\"><\/i>\t\t\t\t\t<\/div>\n\t\t\t\t\n\t\t\t\t\t\t\t\t\t<div class=\"swiper-pagination\"><\/div>\n\t\t\t\t\t\t\t\t\t<\/div>\n\t\t\t\t\t\t<\/div>\n\t\t\t\t<\/div>\n\t\t\t\t\t<\/div>\n\t\t<\/div>\n\t\t\t\t\t<\/div>\n\t\t<\/section>\n\t\t\t\t<section class=\"elementor-section elementor-top-section elementor-element elementor-element-d8e2d4c elementor-section-boxed elementor-section-height-default elementor-section-height-default\" data-id=\"d8e2d4c\" data-element_type=\"section\" data-settings=\"{&quot;photography_ext_is_background_parallax&quot;:&quot;false&quot;,&quot;photography_ext_is_background_backdrop&quot;:&quot;false&quot;,&quot;photography_ext_is_background_on_scroll&quot;:&quot;false&quot;}\">\n\t\t\t\t\t\t<div class=\"elementor-container elementor-column-gap-default\">\n\t\t\t\t\t<div class=\"elementor-column elementor-col-100 elementor-top-column elementor-element elementor-element-c67110c\" data-id=\"c67110c\" data-element_type=\"column\" data-settings=\"{&quot;photography_ext_link_sidemenu&quot;:&quot;false&quot;,&quot;photography_ext_link_fullmenu&quot;:&quot;false&quot;,&quot;photography_ext_link_closed_fullmenu&quot;:&quot;false&quot;,&quot;photography_ext_mobile_static&quot;:&quot;false&quot;,&quot;photography_ext_is_scrollme&quot;:&quot;false&quot;,&quot;photography_ext_is_smoove&quot;:&quot;false&quot;,&quot;photography_ext_is_parallax_mouse&quot;:&quot;false&quot;,&quot;photography_ext_is_infinite&quot;:&quot;false&quot;,&quot;photography_ext_is_fadeout_animation&quot;:&quot;false&quot;}\">\n\t\t\t<div class=\"elementor-widget-wrap elementor-element-populated\">\n\t\t\t\t\t\t<div class=\"elementor-element elementor-element-d44c5b7 elementor-widget elementor-widget-text-editor\" data-id=\"d44c5b7\" data-element_type=\"widget\" data-settings=\"{&quot;photography_ext_link_sidemenu&quot;:&quot;false&quot;,&quot;photography_ext_link_fullmenu&quot;:&quot;false&quot;,&quot;photography_ext_link_closed_fullmenu&quot;:&quot;false&quot;,&quot;photography_ext_mobile_static&quot;:&quot;false&quot;,&quot;photography_ext_is_scrollme&quot;:&quot;false&quot;,&quot;photography_ext_is_smoove&quot;:&quot;false&quot;,&quot;photography_ext_is_parallax_mouse&quot;:&quot;false&quot;,&quot;photography_ext_is_infinite&quot;:&quot;false&quot;,&quot;photography_ext_is_fadeout_animation&quot;:&quot;false&quot;}\" data-widget_type=\"text-editor.default\">\n\t\t\t\t<div class=\"elementor-widget-container\">\n\t\t\t\t\t\t\t\t\t<p style=\"font-style: normal; font-size: 14px; font-family: Roboto, sans-serif;\"><strong>D\u011bkuji za V\u00e1\u0161 z\u00e1jem.<\/strong><br \/><strong>Jan Kratochv\u00edl<\/strong><br \/><strong><br \/>P\u0159\u00edm\u00fd kontakt na mne je zde:<br \/>+420 702 147 081<\/strong><br \/><strong>info@jankratochvil.com<\/strong><\/p>\t\t\t\t\t\t\t\t<\/div>\n\t\t\t\t<\/div>\n\t\t\t\t\t<\/div>\n\t\t<\/div>\n\t\t\t\t\t<\/div>\n\t\t<\/section>\n\t\t\t\t<section class=\"elementor-section elementor-top-section elementor-element elementor-element-18ce418 elementor-section-boxed elementor-section-height-default elementor-section-height-default\" data-id=\"18ce418\" data-element_type=\"section\" data-settings=\"{&quot;photography_ext_is_background_parallax&quot;:&quot;false&quot;,&quot;photography_ext_is_background_backdrop&quot;:&quot;false&quot;,&quot;photography_ext_is_background_on_scroll&quot;:&quot;false&quot;}\">\n\t\t\t\t\t\t<div class=\"elementor-container elementor-column-gap-default\">\n\t\t\t\t\t<div class=\"elementor-column elementor-col-100 elementor-top-column elementor-element elementor-element-90204ed\" data-id=\"90204ed\" data-element_type=\"column\" data-settings=\"{&quot;photography_ext_link_sidemenu&quot;:&quot;false&quot;,&quot;photography_ext_link_fullmenu&quot;:&quot;false&quot;,&quot;photography_ext_link_closed_fullmenu&quot;:&quot;false&quot;,&quot;photography_ext_mobile_static&quot;:&quot;false&quot;,&quot;photography_ext_is_scrollme&quot;:&quot;false&quot;,&quot;photography_ext_is_smoove&quot;:&quot;false&quot;,&quot;photography_ext_is_parallax_mouse&quot;:&quot;false&quot;,&quot;photography_ext_is_infinite&quot;:&quot;false&quot;,&quot;photography_ext_is_fadeout_animation&quot;:&quot;false&quot;}\">\n\t\t\t<div class=\"elementor-widget-wrap elementor-element-populated\">\n\t\t\t\t\t\t<div class=\"elementor-element elementor-element-5cbe4fc elementor-widget elementor-widget-shortcode\" data-id=\"5cbe4fc\" data-element_type=\"widget\" data-settings=\"{&quot;photography_ext_link_sidemenu&quot;:&quot;false&quot;,&quot;photography_ext_link_fullmenu&quot;:&quot;false&quot;,&quot;photography_ext_link_closed_fullmenu&quot;:&quot;false&quot;,&quot;photography_ext_mobile_static&quot;:&quot;false&quot;,&quot;photography_ext_is_scrollme&quot;:&quot;false&quot;,&quot;photography_ext_is_smoove&quot;:&quot;false&quot;,&quot;photography_ext_is_parallax_mouse&quot;:&quot;false&quot;,&quot;photography_ext_is_infinite&quot;:&quot;false&quot;,&quot;photography_ext_is_fadeout_animation&quot;:&quot;false&quot;}\" data-widget_type=\"shortcode.default\">\n\t\t\t\t<div class=\"elementor-widget-container\">\n\t\t\t\t\t\t\t<div class=\"elementor-shortcode\"><br class=\"clear\"\/><\/div>\n\t\t\t\t\t\t<\/div>\n\t\t\t\t<\/div>\n\t\t\t\t\t<\/div>\n\t\t<\/div>\n\t\t\t\t\t<\/div>\n\t\t<\/section>\n\t\t\t\t<section class=\"elementor-section elementor-top-section elementor-element elementor-element-b16c6af elementor-section-boxed elementor-section-height-default elementor-section-height-default\" data-id=\"b16c6af\" data-element_type=\"section\" data-settings=\"{&quot;photography_ext_is_background_parallax&quot;:&quot;false&quot;,&quot;photography_ext_is_background_backdrop&quot;:&quot;false&quot;,&quot;photography_ext_is_background_on_scroll&quot;:&quot;false&quot;}\">\n\t\t\t\t\t\t<div class=\"elementor-container elementor-column-gap-default\">\n\t\t\t\t\t<div class=\"elementor-column elementor-col-100 elementor-top-column elementor-element elementor-element-8ffc48a\" data-id=\"8ffc48a\" data-element_type=\"column\" data-settings=\"{&quot;photography_ext_link_sidemenu&quot;:&quot;false&quot;,&quot;photography_ext_link_fullmenu&quot;:&quot;false&quot;,&quot;photography_ext_link_closed_fullmenu&quot;:&quot;false&quot;,&quot;photography_ext_mobile_static&quot;:&quot;false&quot;,&quot;photography_ext_is_scrollme&quot;:&quot;false&quot;,&quot;photography_ext_is_smoove&quot;:&quot;false&quot;,&quot;photography_ext_is_parallax_mouse&quot;:&quot;false&quot;,&quot;photography_ext_is_infinite&quot;:&quot;false&quot;,&quot;photography_ext_is_fadeout_animation&quot;:&quot;false&quot;}\">\n\t\t\t<div class=\"elementor-widget-wrap elementor-element-populated\">\n\t\t\t\t\t\t<div class=\"elementor-element elementor-element-64a2a8c elementor-widget elementor-widget-shortcode\" data-id=\"64a2a8c\" data-element_type=\"widget\" data-settings=\"{&quot;photography_ext_link_sidemenu&quot;:&quot;false&quot;,&quot;photography_ext_link_fullmenu&quot;:&quot;false&quot;,&quot;photography_ext_link_closed_fullmenu&quot;:&quot;false&quot;,&quot;photography_ext_mobile_static&quot;:&quot;false&quot;,&quot;photography_ext_is_scrollme&quot;:&quot;false&quot;,&quot;photography_ext_is_smoove&quot;:&quot;false&quot;,&quot;photography_ext_is_parallax_mouse&quot;:&quot;false&quot;,&quot;photography_ext_is_infinite&quot;:&quot;false&quot;,&quot;photography_ext_is_fadeout_animation&quot;:&quot;false&quot;}\" data-widget_type=\"shortcode.default\">\n\t\t\t\t<div class=\"elementor-widget-container\">\n\t\t\t\t\t\t\t<div class=\"elementor-shortcode\"><br class=\"clear\"\/><\/div>\n\t\t\t\t\t\t<\/div>\n\t\t\t\t<\/div>\n\t\t\t\t\t<\/div>\n\t\t<\/div>\n\t\t\t\t\t<\/div>\n\t\t<\/section>\n\t\t\t\t<\/div>\n\t\t","protected":false},"excerpt":{"rendered":"<p>Informace k fotografov\u00e1n\u00ed V\u011bnuji se p\u0159edev\u0161\u00edm individu\u00e1ln\u00edm a skupinov\u00fdm portr\u00e9t\u016fm.Mohu vyhov\u011bt i va\u0161im jin\u00fdm p\u0159\u00e1n\u00edm a vyfotit t\u0159eba va\u0161i ko\u010dku jako zde &#x1f63b; nebo d\u016fm&#x1f3e1; a jeho interi\u00e9r.Focen\u00ed prov\u00e1d\u00edm jak digit\u00e1ln\u00ed technikou, tak i analogov\u00fdmi fotoapar\u00e1ty od klasick\u00e9ho kinofilmu a\u017e [&hellip;]<\/p>\n","protected":false},"author":1,"featured_media":0,"parent":0,"menu_order":0,"comment_status":"closed","ping_status":"closed","template":"","meta":{"_eb_attr":"","footnotes":""},"class_list":["post-6006","page","type-page","status-publish","hentry"],"_links":{"self":[{"href":"https:\/\/jankratochvil.com\/cs_cz\/wp-json\/wp\/v2\/pages\/6006","targetHints":{"allow":["GET"]}}],"collection":[{"href":"https:\/\/jankratochvil.com\/cs_cz\/wp-json\/wp\/v2\/pages"}],"about":[{"href":"https:\/\/jankratochvil.com\/cs_cz\/wp-json\/wp\/v2\/types\/page"}],"author":[{"embeddable":true,"href":"https:\/\/jankratochvil.com\/cs_cz\/wp-json\/wp\/v2\/users\/1"}],"replies":[{"embeddable":true,"href":"https:\/\/jankratochvil.com\/cs_cz\/wp-json\/wp\/v2\/comments?post=6006"}],"version-history":[{"count":0,"href":"https:\/\/jankratochvil.com\/cs_cz\/wp-json\/wp\/v2\/pages\/6006\/revisions"}],"wp:attachment":[{"href":"https:\/\/jankratochvil.com\/cs_cz\/wp-json\/wp\/v2\/media?parent=6006"}],"curies":[{"name":"wp","href":"https:\/\/api.w.org\/{rel}","templated":true}]}}