{"id":5790,"date":"2019-11-06T11:55:46","date_gmt":"2019-11-06T11:55:46","guid":{"rendered":"https:\/\/jankratochvil.com\/?page_id=5790"},"modified":"2025-05-11T15:30:42","modified_gmt":"2025-05-11T15:30:42","slug":"jan-kratochvil-fotograf-photography-trebic","status":"publish","type":"page","link":"https:\/\/jankratochvil.com\/cs_cz\/","title":{"rendered":"Jan Kratochv\u00edl Fotografie \u261b Studio \u261b Workshopy"},"content":{"rendered":"\t\t<div data-elementor-type=\"wp-page\" data-elementor-id=\"5790\" class=\"elementor elementor-5790\">\n\t\t\t\t\t\t<section class=\"elementor-section elementor-top-section elementor-element elementor-element-87fc77f elementor-section-boxed elementor-section-height-default elementor-section-height-default\" data-id=\"87fc77f\" data-element_type=\"section\" data-settings=\"{&quot;photography_ext_is_background_parallax&quot;:&quot;false&quot;,&quot;photography_ext_is_background_backdrop&quot;:&quot;false&quot;,&quot;photography_ext_is_background_on_scroll&quot;:&quot;false&quot;}\">\n\t\t\t\t\t\t<div class=\"elementor-container elementor-column-gap-default\">\n\t\t\t\t\t<div class=\"elementor-column elementor-col-100 elementor-top-column elementor-element elementor-element-457d74b\" data-id=\"457d74b\" data-element_type=\"column\" data-settings=\"{&quot;photography_ext_link_sidemenu&quot;:&quot;false&quot;,&quot;photography_ext_link_fullmenu&quot;:&quot;false&quot;,&quot;photography_ext_link_closed_fullmenu&quot;:&quot;false&quot;,&quot;photography_ext_mobile_static&quot;:&quot;false&quot;,&quot;photography_ext_is_scrollme&quot;:&quot;false&quot;,&quot;photography_ext_is_smoove&quot;:&quot;false&quot;,&quot;photography_ext_is_parallax_mouse&quot;:&quot;false&quot;,&quot;photography_ext_is_infinite&quot;:&quot;false&quot;,&quot;photography_ext_is_fadeout_animation&quot;:&quot;false&quot;}\">\n\t\t\t<div class=\"elementor-widget-wrap elementor-element-populated\">\n\t\t\t\t\t\t<div class=\"elementor-element elementor-element-4ae8fc0 elementor-widget elementor-widget-photography-classic-gallery-slider\" data-id=\"4ae8fc0\" data-element_type=\"widget\" data-settings=\"{&quot;photography_ext_link_sidemenu&quot;:&quot;false&quot;,&quot;photography_ext_link_fullmenu&quot;:&quot;false&quot;,&quot;photography_ext_link_closed_fullmenu&quot;:&quot;false&quot;,&quot;photography_ext_mobile_static&quot;:&quot;false&quot;,&quot;photography_ext_is_scrollme&quot;:&quot;false&quot;,&quot;photography_ext_is_smoove&quot;:&quot;false&quot;,&quot;photography_ext_is_parallax_mouse&quot;:&quot;false&quot;,&quot;photography_ext_is_infinite&quot;:&quot;false&quot;,&quot;photography_ext_is_fadeout_animation&quot;:&quot;false&quot;}\" data-widget_type=\"photography-classic-gallery-slider.default\">\n\t\t\t\t<div class=\"elementor-widget-container\">\n\t\t\t\t\t<div class=\"slider_wrapper\" data-autoplay=\"no\" data-timer=\"8\"><div class=\"flexslider tg_gallery fullwidth\" data-height=\"750\"><ul class=\"slides\"><li><img decoding=\"async\" src=\"https:\/\/jankratochvil.com\/wp-content\/uploads\/2022\/03\/Hugo-20220313-tintype-kolodium-jan-kratochvil.jpg\" alt=\"Tintype Hugo\"\/><div class=\"gallery_image_caption\">Fotografie na kolodium na \u010dern\u00e9m skle<\/div><\/li><li><img decoding=\"async\" src=\"https:\/\/jankratochvil.com\/wp-content\/uploads\/2021\/08\/kolodium-jan-kratochvil-trebic-portret-2021.jpg\" alt=\"Kolodium portr\u00e9t Jan Kratochv\u00edl Foto T\u0159eb\u00ed\u010d\"\/><div class=\"gallery_image_caption\">Fotografie na kolodium<\/div><\/li><li><img decoding=\"async\" src=\"https:\/\/jankratochvil.com\/wp-content\/uploads\/2021\/08\/kolodium-kratochvil-seligmann-house-trebic-tintype-young-couple.jpg\" alt=\"Tintype kolodium trebic Kratochvil\"\/><div class=\"gallery_image_caption\"><\/div><\/li><li><img decoding=\"async\" src=\"https:\/\/jankratochvil.com\/wp-content\/uploads\/2021\/08\/kolodium-jan-kratochvil-trebic-2021-jewish-quarter.jpg\" alt=\"Kolodium tintype portr\u00e9t\"\/><div class=\"gallery_image_caption\">Kolodium portr\u00e9t na lakovan\u00fd plech, T\u0159eb\u00ed\u010d 2021<\/div><\/li><li><img decoding=\"async\" src=\"https:\/\/jankratochvil.com\/wp-content\/uploads\/2021\/08\/kolodium-jan-kratochvil-trebic-2021-jewish-quarter-ambrotype.jpg\" alt=\"Kolodium ambrotypie T\u0159eb\u00ed\u010d 2021\"\/><div class=\"gallery_image_caption\"><\/div><\/li><li><img decoding=\"async\" src=\"https:\/\/jankratochvil.com\/wp-content\/uploads\/2021\/08\/Kolodium-jan-kratochvil-fotograf-trebic-jewish-town-1.jpg\" alt=\"Fotografie na kolodium, fotograf T\u0159eb\u00ed\u010d\"\/><div class=\"gallery_image_caption\"><\/div><\/li><li><img decoding=\"async\" src=\"https:\/\/jankratochvil.com\/wp-content\/uploads\/2021\/08\/Kolodium-jan-kratochvil-fotograf-trebic-jewish-town-2.jpg\" alt=\"Fotografie na kolodium, fotograf T\u0159eb\u00ed\u010d\"\/><div class=\"gallery_image_caption\"><\/div><\/li><li><img decoding=\"async\" src=\"https:\/\/jankratochvil.com\/wp-content\/uploads\/2020\/05\/hasselblad-collodion-wetplate-jan-kratochvil-kolodium.jpg\" alt=\"\"\/><div class=\"gallery_image_caption\"><\/div><\/li><li><img decoding=\"async\" src=\"https:\/\/jankratochvil.com\/wp-content\/uploads\/2016\/04\/kolodium-collodion-wet-plate-photography-jan-kratochvil-ambrotype.jpg\" alt=\"kolodium-collodion-wet-plate-photography-jan-kratochvil-ambrotype\"\/><div class=\"gallery_image_caption\">kolodium-collodion-wet-plate-photography-jan-kratochvil-ambrotype<\/div><\/li><li><img decoding=\"async\" src=\"https:\/\/jankratochvil.com\/wp-content\/uploads\/2019\/11\/Olivie-Julie-April-2016002-edited.jpg\" alt=\"kolodium trebic jan kratochvil fotograf\"\/><div class=\"gallery_image_caption\"><\/div><\/li><li><img decoding=\"async\" src=\"https:\/\/jankratochvil.com\/wp-content\/uploads\/2020\/05\/hasselblad-collodion-wetplate-jan-kratochvil-kolodium-1.jpg\" alt=\"kolodium\"\/><div class=\"gallery_image_caption\"><\/div><\/li><li><img decoding=\"async\" src=\"https:\/\/jankratochvil.com\/wp-content\/uploads\/2020\/05\/hasselblad-collodion-wetplate-jan-kratochvil-kolodium_1.jpg\" alt=\"Hasselblad kolodium trebic jan kratochvil\"\/><div class=\"gallery_image_caption\"><\/div><\/li><li><img decoding=\"async\" src=\"https:\/\/jankratochvil.com\/wp-content\/uploads\/2019\/09\/kolodium-collodion-wetplate-ambrotype-trebic-jan-kratochvil-fotograf.jpg\" alt=\"portr\u00e9t kolodium Jan Kratochv\u00edl fotograf T\u0159eb\u00ed\u010d\"\/><div class=\"gallery_image_caption\">Terka<\/div><\/li><li><img decoding=\"async\" src=\"https:\/\/jankratochvil.com\/wp-content\/uploads\/2020\/04\/Olivie-Tintype-kolodium-jan-Kratochvil-fotograf-trebic.jpg\" alt=\"kolodium Jan Kratochvil fotograf trebic\"\/><div class=\"gallery_image_caption\"><\/div><\/li><li><img decoding=\"async\" src=\"https:\/\/jankratochvil.com\/wp-content\/uploads\/2020\/03\/kolodium-jan-kratochvil-fotograf-trebic-olivie-032020.jpg\" alt=\"\"\/><div class=\"gallery_image_caption\"><\/div><\/li><li><img decoding=\"async\" src=\"https:\/\/jankratochvil.com\/wp-content\/uploads\/2017\/08\/kolodium-olivie-ambrotypie-collodion-wetplate-ambrotype-jan-kratochvil.jpg\" alt=\"Olive like in a fairy tale\"\/><div class=\"gallery_image_caption\"><\/div><\/li><li><img decoding=\"async\" src=\"https:\/\/jankratochvil.com\/wp-content\/uploads\/2016\/07\/kolodium-wetplate-ambrotype-olivie-collodion-jan-kratochvil.jpg\" alt=\"Kolodium ambrotypie Collodion Ambrotype\"\/><div class=\"gallery_image_caption\">My muse on collodion, 2017<\/div><\/li><li><img decoding=\"async\" src=\"https:\/\/jankratochvil.com\/wp-content\/uploads\/2017\/03\/kolodium-tintype-collodion-wetplate-kodak-jan-kratochvil-trebic-2017.jpg\" alt=\"Mlad\u00fd fotograf focen\u00fd na kolodium \/ A young photographer on Tintype\"\/><div class=\"gallery_image_caption\">Karel<\/div><\/li><li><img decoding=\"async\" src=\"https:\/\/jankratochvil.com\/wp-content\/uploads\/2014\/01\/kolodium-tintype-collodion-wetplate-kodak-jan-kratochvil-trebic-kaja-2017.jpg\" alt=\"portr\u00e9t kolodium Jan Kratochv\u00edl fotograf T\u0159eb\u00ed\u010d\"\/><div class=\"gallery_image_caption\">Karel<\/div><\/li><li><img decoding=\"async\" src=\"https:\/\/jankratochvil.com\/wp-content\/uploads\/2019\/08\/jan-August-2018-www-2.jpg\" alt=\"Jan Kratochv\u00edl Tintype August 2019\"\/><div class=\"gallery_image_caption\"><\/div><\/li><li><img decoding=\"async\" src=\"https:\/\/jankratochvil.com\/wp-content\/uploads\/2015\/06\/kolodium-kolodium-kolodium-collodion-Silvano-ECW-2016-e1469523355520.jpg\" alt=\"portr\u00e9t kolodium Jan Kratochv\u00edl fotograf T\u0159eb\u00ed\u010d\"\/><div class=\"gallery_image_caption\">Silvano Magnone<\/div><\/li><li><img decoding=\"async\" src=\"https:\/\/jankratochvil.com\/wp-content\/uploads\/2017\/11\/kolodium-ambrotype-wetplate-collodion-jan-kratochvil-trebic.jpg\" alt=\"Inga\"\/><div class=\"gallery_image_caption\">Artist, designer, photographer\nAmbrotype on black glass\n11\/ 2017\n<\/div><\/li><li><img decoding=\"async\" src=\"https:\/\/jankratochvil.com\/wp-content\/uploads\/2016\/07\/kolodium-kolodium-cz-bara-2016-tintype-trebic-czech.jpg\" alt=\"portr\u00e9t kolodium Jan Kratochv\u00edl fotograf T\u0159eb\u00ed\u010d\"\/><div class=\"gallery_image_caption\">B\u00e1ra<\/div><\/li><li><img decoding=\"async\" src=\"https:\/\/jankratochvil.com\/wp-content\/uploads\/2014\/01\/20150823_retouched-www-www.jpg\" alt=\"Olivie &amp; Karolina 2015\"\/><div class=\"gallery_image_caption\">Olivie & Karolina 2015<\/div><\/li><li><img decoding=\"async\" src=\"https:\/\/jankratochvil.com\/wp-content\/uploads\/2015\/11\/kolodium-wetplate-collodion-ambrotype-olivie-guitar-by-jan-kratochvil-trebic.jpg\" alt=\"Fotografie na kolodium - Ambrotypie\"\/><div class=\"gallery_image_caption\"><\/div><\/li><li><img decoding=\"async\" src=\"https:\/\/jankratochvil.com\/wp-content\/uploads\/2015\/10\/kolodium-ambrotype-eastman-kodak-jan-kratochvil.jpg\" alt=\"Svatopluk kolodium Jan Kratochv\u00edl fotograf T\u0159eb\u00ed\u010d\"\/><div class=\"gallery_image_caption\">Svatopluk<\/div><\/li><li><img decoding=\"async\" src=\"https:\/\/jankratochvil.com\/wp-content\/uploads\/2015\/09\/kolodium-wetplate-ambrotype-olivie-julie-by-jan-kratochvil.jpg\" alt=\"Portr\u00e9t na kolodium\"\/><div class=\"gallery_image_caption\"><\/div><\/li><li><img decoding=\"async\" src=\"https:\/\/jankratochvil.com\/wp-content\/uploads\/2020\/07\/Olivie-on-collodion-book-jan-kratochvil-photography-15.jpg\" alt=\"\"\/><div class=\"gallery_image_caption\"><\/div><\/li><li><img decoding=\"async\" src=\"https:\/\/jankratochvil.com\/wp-content\/uploads\/2020\/07\/Olivie-on-collodion-book-jan-kratochvil-photography-22.jpg\" alt=\"\"\/><div class=\"gallery_image_caption\"><\/div><\/li><li><img decoding=\"async\" src=\"https:\/\/jankratochvil.com\/wp-content\/uploads\/2020\/07\/Olivie-on-collodion-book-jan-kratochvil-photography-19.jpg\" alt=\"\"\/><div class=\"gallery_image_caption\"><\/div><\/li><li><img decoding=\"async\" src=\"https:\/\/jankratochvil.com\/wp-content\/uploads\/2016\/07\/kolodium-collodion-wet-plate-photography-jan-kratochvil-trebic-czech-35.jpg\" alt=\"\"\/><div class=\"gallery_image_caption\">Kolodium-collodion-wet-plate-photography-presentation-Jan-Kratochvil-Trebic-June-2016<\/div><\/li><li><img decoding=\"async\" src=\"https:\/\/jankratochvil.com\/wp-content\/uploads\/simple_photo_gallery\/2\/kolodium-collodion-wet-plate-photography-jan-kratochvil-trebic-czech-37.jpg\" alt=\"Peter, Tintype, Eastman Kodak\"\/><div class=\"gallery_image_caption\">Peter, Tintype, Eastman Kodak<\/div><\/li><li><img decoding=\"async\" src=\"https:\/\/jankratochvil.com\/wp-content\/uploads\/2015\/03\/Jan-K-15-www.jpg\" alt=\"\"\/><div class=\"gallery_image_caption\">Jan Kratochvil sen.<\/div><\/li><li><img decoding=\"async\" src=\"https:\/\/jankratochvil.com\/wp-content\/uploads\/2015\/03\/Severine-7-www.jpg\" alt=\"\"\/><div class=\"gallery_image_caption\">Severine<\/div><\/li><li><img decoding=\"async\" src=\"https:\/\/jankratochvil.com\/wp-content\/uploads\/2015\/03\/Lucie-5-www.jpg\" alt=\"\"\/><div class=\"gallery_image_caption\">Lucie<\/div><\/li><li><img decoding=\"async\" src=\"https:\/\/jankratochvil.com\/wp-content\/uploads\/2015\/03\/Robert-11-www.jpg\" alt=\"\"\/><div class=\"gallery_image_caption\">Robert Vlach<\/div><\/li><li><img decoding=\"async\" src=\"https:\/\/jankratochvil.com\/wp-content\/uploads\/2015\/03\/Martina-8-www.jpg\" alt=\"\"\/><div class=\"gallery_image_caption\">Martina<\/div><\/li><li><img decoding=\"async\" src=\"https:\/\/jankratochvil.com\/wp-content\/uploads\/2015\/03\/Jan-U-14-www.jpg\" alt=\"\"\/><div class=\"gallery_image_caption\">Jan U.<\/div><\/li><li><img decoding=\"async\" src=\"https:\/\/jankratochvil.com\/wp-content\/uploads\/2015\/03\/20150221_001-www.jpg\" alt=\"\"\/><div class=\"gallery_image_caption\">Petra<\/div><\/li><li><img decoding=\"async\" src=\"https:\/\/jankratochvil.com\/wp-content\/uploads\/2015\/03\/Julie-2-www.jpg\" alt=\"\"\/><div class=\"gallery_image_caption\">Julie<\/div><\/li><li><img decoding=\"async\" src=\"https:\/\/jankratochvil.com\/wp-content\/uploads\/2015\/03\/Radek-13-www.jpg\" alt=\"\"\/><div class=\"gallery_image_caption\">Agnes<\/div><\/li><li><img decoding=\"async\" src=\"https:\/\/jankratochvil.com\/wp-content\/uploads\/2015\/03\/Matty-10-www.jpg\" alt=\"\"\/><div class=\"gallery_image_caption\">Mat\u011bj<\/div><\/li><li><img decoding=\"async\" src=\"https:\/\/jankratochvil.com\/wp-content\/uploads\/2015\/03\/Hana-4-www.jpg\" alt=\"\"\/><div class=\"gallery_image_caption\">Hana<\/div><\/li><li><img decoding=\"async\" src=\"https:\/\/jankratochvil.com\/wp-content\/uploads\/2015\/03\/Filip-9-www.jpg\" alt=\"\"\/><div class=\"gallery_image_caption\">Filip<\/div><\/li><li><img decoding=\"async\" src=\"https:\/\/jankratochvil.com\/wp-content\/uploads\/2015\/03\/Borut-12-www.jpg\" alt=\"\"\/><div class=\"gallery_image_caption\">Borut Peterlin<\/div><\/li><li><img decoding=\"async\" src=\"https:\/\/jankratochvil.com\/wp-content\/uploads\/2015\/03\/Adela-3-www.jpg\" alt=\"\"\/><div class=\"gallery_image_caption\">Adela<\/div><\/li><li><img decoding=\"async\" src=\"https:\/\/jankratochvil.com\/wp-content\/uploads\/2014\/12\/roe_dear_1-bw-bw.jpg\" alt=\"\"\/><div class=\"gallery_image_caption\"><\/div><\/li><li><img decoding=\"async\" src=\"https:\/\/jankratochvil.com\/wp-content\/uploads\/2014\/12\/eel_1-bw-bw.jpg\" alt=\"\"\/><div class=\"gallery_image_caption\"><\/div><\/li><li><img decoding=\"async\" src=\"https:\/\/jankratochvil.com\/wp-content\/uploads\/2014\/12\/catfish-bw-bw.jpg\" alt=\"\"\/><div class=\"gallery_image_caption\"><\/div><\/li><li><img decoding=\"async\" src=\"https:\/\/jankratochvil.com\/wp-content\/uploads\/2014\/12\/20150131_01050-bw-bw.jpg\" alt=\"\"\/><div class=\"gallery_image_caption\"><\/div><\/li><li><img decoding=\"async\" src=\"https:\/\/jankratochvil.com\/wp-content\/uploads\/2013\/08\/wet-plate-jankratochvil-com-sea_3.jpg\" alt=\"\"\/><div class=\"gallery_image_caption\">See shell, 6x6 cm, Hasselblad, 2013<\/div><\/li><li><img decoding=\"async\" src=\"https:\/\/jankratochvil.com\/wp-content\/uploads\/2013\/08\/wet-plate-jankratochvil-com-sea_2.jpg\" alt=\"\"\/><div class=\"gallery_image_caption\">See shell, 6x6 cm, Hasselblad, 2013<\/div><\/li><li><img decoding=\"async\" src=\"https:\/\/jankratochvil.com\/wp-content\/uploads\/2013\/08\/wet-plate-jankratochvil-com-sea_1.jpg\" alt=\"\"\/><div class=\"gallery_image_caption\">See shell, 6x6 cm, Hasselblad, 2015<\/div><\/li><li><img decoding=\"async\" src=\"https:\/\/jankratochvil.com\/wp-content\/uploads\/2013\/08\/wet-plate-jankratochvil-com-sea_4.jpg\" alt=\"\"\/><div class=\"gallery_image_caption\">See shell, 6x6 cm, Hasselblad, 2013<\/div><\/li><li><img decoding=\"async\" src=\"https:\/\/jankratochvil.com\/wp-content\/uploads\/2017\/02\/vodojem-trebic-jan-kratochvil-kolodium-fotografie-ambrotypie.jpg\" alt=\"Vodojem T\u0159eb\u00ed\u010d\"\/><div class=\"gallery_image_caption\">Vodojem T\u0159eb\u00ed\u010d<\/div><\/li><\/ul><\/div><\/div>\t\t\t\t<\/div>\n\t\t\t\t<\/div>\n\t\t\t\t\t<\/div>\n\t\t<\/div>\n\t\t\t\t\t<\/div>\n\t\t<\/section>\n\t\t\t\t<\/div>\n\t\t","protected":false},"excerpt":{"rendered":"<p>Kolodium portr\u00e9t na lakovan\u00fd plech, T\u0159eb\u00ed\u010d 2021 kolodium-collodion-wet-plate-photography-jan-kratochvil-ambrotype Terka My muse on collodion, 2017 Karel Karel Silvano Magnone Artist, designer, photographer Ambrotype on black glass 11\/ 2017 B\u00e1ra Olivie &#038; Karolina 2015 Svatopluk Kolodium-collodion-wet-plate-photography-presentation-Jan-Kratochvil-Trebic-June-2016 Peter, Tintype, Eastman Kodak Jan Kratochvil [&hellip;]<\/p>\n","protected":false},"author":1,"featured_media":0,"parent":0,"menu_order":0,"comment_status":"closed","ping_status":"closed","template":"","meta":{"_eb_attr":"","footnotes":""},"class_list":["post-5790","page","type-page","status-publish","hentry"],"_links":{"self":[{"href":"https:\/\/jankratochvil.com\/cs_cz\/wp-json\/wp\/v2\/pages\/5790","targetHints":{"allow":["GET"]}}],"collection":[{"href":"https:\/\/jankratochvil.com\/cs_cz\/wp-json\/wp\/v2\/pages"}],"about":[{"href":"https:\/\/jankratochvil.com\/cs_cz\/wp-json\/wp\/v2\/types\/page"}],"author":[{"embeddable":true,"href":"https:\/\/jankratochvil.com\/cs_cz\/wp-json\/wp\/v2\/users\/1"}],"replies":[{"embeddable":true,"href":"https:\/\/jankratochvil.com\/cs_cz\/wp-json\/wp\/v2\/comments?post=5790"}],"version-history":[{"count":13,"href":"https:\/\/jankratochvil.com\/cs_cz\/wp-json\/wp\/v2\/pages\/5790\/revisions"}],"predecessor-version":[{"id":11266,"href":"https:\/\/jankratochvil.com\/cs_cz\/wp-json\/wp\/v2\/pages\/5790\/revisions\/11266"}],"wp:attachment":[{"href":"https:\/\/jankratochvil.com\/cs_cz\/wp-json\/wp\/v2\/media?parent=5790"}],"curies":[{"name":"wp","href":"https:\/\/api.w.org\/{rel}","templated":true}]}}