{"id":530,"date":"2014-09-01T11:58:51","date_gmt":"2014-09-01T11:58:51","guid":{"rendered":"http:\/\/jankratochvil.com\/?page_id=530"},"modified":"2025-12-27T11:05:10","modified_gmt":"2025-12-27T11:05:10","slug":"sluzby-a-ceny-kolodium-fotografie","status":"publish","type":"page","link":"https:\/\/jankratochvil.com\/cs_cz\/sluzby-a-ceny-kolodium-fotografie\/","title":{"rendered":"Fotografick\u00e9 slu\u017eby a ceny pro rok 2026"},"content":{"rendered":"<p><strong style=\"color: #222222; font-family: Montserrat, Helvetica, Arial, sans-serif; font-size: 30px; letter-spacing: 1px; text-transform: uppercase;\">Digit\u00e1ln\u00ed fotografie<\/strong><\/p>\n<ul style=\"font-style: normal; font-size: 14px; font-family: Roboto, sans-serif;\">\n<li style=\"font-size: 14px;\">\n<h5><strong>Portr\u00e9tn\u00ed tvorba<\/strong><\/h5>\n<\/li>\n<li style=\"font-size: 14px;\">\n<h5><strong>Skupinov\u00e1 focen\u00ed<\/strong><\/h5>\n<\/li>\n<li style=\"font-size: 14px;\">\n<h5><strong>Tvorba obsahu fotografi\u00ed pro soci\u00e1ln\u00ed media a internetov\u00e9 prezentace dle kontr\u00e9tn\u00edho zad\u00e1n\u00ed<\/strong><\/h5>\n<\/li>\n<li style=\"font-size: 14px;\">\n<h5><strong>P\u016fsobnost: cel\u00e1 \u010cR + Evropa<\/strong><\/h5>\n<\/li>\n<\/ul>\n<p><strong>Pro nez\u00e1vaznou cenovou nab\u00eddku mne kontaktujte pros\u00edm na uveden\u00fdch kontaktech:<\/strong><\/p>\n<h6 style=\"font-style: normal; font-size: 14px; font-family: Roboto, sans-serif;\"><strong>info@jankratochvil.com<\/strong><\/h6>\n<h6 style=\"font-style: normal; font-size: 14px; font-family: Roboto, sans-serif;\"><strong>+420 702 147 081<\/strong><\/h6>\n<p><a style=\"font-family: Roboto, sans-serif; font-size: 14px; font-style: normal;\" href=\"https:\/\/jankratochvil.com\/kontakt-jan-kratochvil-fotograf-trebic\/\"><strong>nebo kontaktn\u00ed formul\u00e1\u0159 zde.<\/strong><\/a><\/p>\n<h2><strong>Mokr\u00fd kolodiov\u00fd proces &#8211; fotografie na <a href=\"http:\/\/www.kolodium.cz\">kolodium<\/a><\/strong><\/h2>\n<p>Co je fotografie na kolodium? Sledujte pros\u00edm m\u016fj <a href=\"https:\/\/www.instagram.com\/jankratochvil_com\/\">instagram<\/a>\u00a0 nebo proces focen\u00ed na kolodium je tak\u00e9 pops\u00e1n na <a href=\"https:\/\/cs.wikipedia.org\/wiki\/Kolodiov%C3%BD_proces\">Wikipedii zde<\/a>.<\/p>\n<ul>\n<li>Portr\u00e9tn\u00ed tvorba na mokr\u00e9 kolodium nebo tvorba dle p\u0159edm\u011btu\u00a0zak\u00e1zky<\/li>\n<li>V\u00fdsledkem fotografov\u00e1n\u00ed vznik\u00e1 Ambrotypie (pozitivn\u00ed fotografie na sklen\u011bn\u00e9 desce o s\u00edle standardn\u011b 2mm)<\/li>\n<li>Histori\u00ed garantovan\u00e1 \u017eivotnost je p\u0159i spr\u00e1vn\u00e9m uchov\u00e1n\u00ed\u00a0minim\u00e1ln\u011b cca 150 let. Dob\u0159e skladovan\u00e9\u00a0ambrotypie a tintypie naleznete v muze\u00edch a jejich kvalita velmi dobr\u00e1.<\/li>\n<\/ul>\n<h3>Velikosti v cm a orienta\u010dn\u00ed ceny za 1 kus pozitivn\u00ed <a href=\"http:\/\/www.kolodium.cz\">kolodiov\u00e9<\/a> fotografie:<\/h3>\n<ul>\n<li><strong>6&#215;6 cm&#8230;&#8230;od 900,-K\u010d (Technika: Hasselblad)<\/strong><\/li>\n<li><strong>10&#215;12,7 cm&#8230;&#8230;od 1300,-K\u010d (Technika: Stenopeika Hyper Camera 4&#215;5&#8243;)<\/strong><\/li>\n<li><strong>12&#215;16,5 cm&#8230;&#8230;od 1600,- K\u010d (Technika: Eastman Kodak 2D)<\/strong><\/li>\n<li><strong>18&#215;24 cm &#8230;&#8230;od 2200,- K\u010d (Technika: Eastman Kodak 2D)<\/strong><\/li>\n<li><strong>24&#215;30 cm &#8230;..od 3900,- K\u010d (Technika: velkoform\u00e1tov\u00e1 kamera 24&#215;30 cm)<\/strong><\/li>\n<\/ul>\n<p>Ceny bez DPH jsou orienta\u010dn\u00ed a je mo\u017eno je zm\u011bnit v z\u00e1vislosti na p\u0159edem sjednan\u00fdch podm\u00ednka ( ceny bez adjustace, r\u00e1mu, d\u00e1rkov\u00e9 kazety).<\/p>\n<p>Foceno v T\u0159eb\u00ed\u010di v exteri\u00e9ru nebo interi\u00e9ru na adrese Br\u00e1fova t\u0159. 160\/18, 674 01 T\u0159eb\u00ed\u010d.<\/p>\n<p>Standardn\u011b se prov\u00e1d\u011bj\u00ed 2 expozice z nich\u017e si z\u00e1kazn\u00edk vybere, kterou si p\u0159eje zachovat. Druh\u00e1 expozice m\u016f\u017ee b\u00fdt p\u0159ed z\u00e1kazn\u00edkem nevratn\u011b z desky odstran\u011bna, anebo m\u016f\u017ee b\u00fdt ponech\u00e1na autorovi pro prezenta\u010dn\u00ed nekomer\u010dn\u00ed \u00fa\u010dely. Konkr\u00e9tn\u00ed podm\u00ednky ohledn\u011b zachov\u00e1n\u00ed druh\u00e9 desky se sjedn\u00e1vaj\u00ed na m\u00edst\u011b v okam\u017eik focen\u00ed.<\/p>\n<p>Pozn. Focen\u00ed historickou technikou mokr\u00e9ho kolodiov\u00e9ho procesu ovliv\u0148uje v\u00edce vn\u011bj\u0161\u00edch faktor\u016f. V p\u0159\u00edpad\u011b, \u017ee se ve smluven\u00fd den nem\u016f\u017ee focen\u00ed uskute\u010dnit, nap\u0159. z d\u016fvodu ne\u010dekan\u00e9 reakce pou\u017eit\u00e9 chemie, tak se focen\u00ed v dan\u00fd den ru\u0161\u00ed a nab\u00edz\u00ed se vhodn\u00fd n\u00e1hradn\u00ed term\u00edn.<\/p>\n<p>Obsah zak\u00e1zky:<\/p>\n<ol>\n<li>Z\u00e1kazn\u00edk obdr\u017e\u00ed lakem ru\u010dn\u011b zalakovanou fotografickou desku s ru\u010dn\u011b nat\u0159en\u00fdm nebo nast\u0159\u00edkan\u00fdm \u010dern\u00fdm podkladem. \/dle dohody se m\u016f\u017ee fin\u00e1ln\u00ed p\u0159ed\u00e1n\u00ed zm\u011bnit\/<\/li>\n<li>Z\u00e1kazn\u00edk obdr\u017e\u00ed emailem po zdigitalizov\u00e1n\u00ed sken origin\u00e1lu sklen\u011bn\u00e9 desky (ve vysok\u00e9m rozli\u0161en\u00ed) pro\u00a0dal\u0161\u00ed pou\u017eit\u00ed, nap\u0159. digit\u00e1ln\u00ed tisk.<\/li>\n<\/ol>\n<p><strong><a href=\"https:\/\/jankratochvil.com\">Na m\u00e9m webu dal\u0161\u00ed p\u0159\u00edklady m\u00fdch portr\u00e9t\u016f na kolodium.<\/a><\/strong><\/p>\n<p>&#8212;<br \/>\nV p\u0159\u00edpad\u011b po\u017eadavku na focen\u00ed v jin\u00e9 lokalit\u011b ne\u017e na v\u00fd\u0161e uveden\u00e9 adrese se cena sjedn\u00e1v\u00e1\u00a0individu\u00e1ln\u011b podle vzd\u00e1lenosti a n\u00e1ro\u010dnosti p\u0159esunu techniky, chemie a obsahu zak\u00e1zky.<\/p>\n<h2><strong>Analogov\u00e1 fotografie<\/strong><\/h2>\n<ul>\n<li>Zejm\u00e9na \u010dernob\u00edl\u00e1, ale i barevn\u00e1 fotografie.<\/li>\n<li>Portr\u00e9tn\u00ed tvorba, kompozice nebo jin\u00e9 zad\u00e1n\u00ed dle p\u0159edem dohodnut\u00e9 zak\u00e1zky.<\/li>\n<li>Form\u00e1t: kinofilm, st\u0159edoform\u00e1t nebo velkoform\u00e1t.<\/li>\n<li>Filmov\u00fd materi\u00e1l dle dohody: preferuji\u00a0Kodak, Ilford. Foma je cenov\u011b levn\u011bj\u0161\u00ed varianta.\u00a0Vlastn\u00ed vyvol\u00e1n\u00ed \u010dernob\u00edl\u00e9ho materi\u00e1lu nebo vyvol\u00e1n\u00ed ve fotolabu.<\/li>\n<li>Ceny pro konkr\u00e9tn\u00ed zak\u00e1zky a bli\u017e\u0161\u00ed detaily zpracov\u00e1n\u00ed jsou sjedn\u00e1v\u00e1ny individu\u00e1ln\u011b.<\/li>\n<\/ul>\n<h2><strong>Digit\u00e1ln\u00ed archivace a skenov\u00e1n\u00ed negativ\u016f a fotografi\u00ed<\/strong><\/h2>\n<ul>\n<li>Skenov\u00e1n\u00ed fotografi\u00ed a negativ\u016f ve vysok\u00e9m rozli\u0161en\u00ed a\u017e po form\u00e1t A4.<\/li>\n<li>\u00daprava barev a oprava po\u0161kozen\u00ed skenovan\u00e9ho materi\u00e1lu.<\/li>\n<li>Ulo\u017een\u00ed archivu fotografi\u00ed na dodan\u00e9 m\u00e9dium (USB flash, pevn\u00fd disk).<\/li>\n<li>Zaji\u0161t\u011bn\u00ed indexu archivu + tisku archivovan\u00fdch fotografi\u00ed.<\/li>\n<li>Ceny pro konkr\u00e9tn\u00ed zak\u00e1zky\u00a0jsou sjedn\u00e1v\u00e1ny individu\u00e1ln\u011b.<\/li>\n<\/ul>\n<h2><strong>Restaurov\u00e1n\u00ed star\u00fdch nebo po\u0161kozen\u00fdch fotografi\u00ed<\/strong><\/h2>\n<ul>\n<li>Ceny pro konkr\u00e9tn\u00ed zak\u00e1zky\u00a0jsou sjedn\u00e1v\u00e1ny individu\u00e1ln\u011b.<\/li>\n<\/ul>\n<p>&#8212;<br \/>\nV\u00fd\u0161e uveden\u00e9 orienta\u010dn\u00ed ceny jsou bez DPH a platn\u00e9 pro rok 2026.<\/p>\n<p>Kontakt: info@jankratochvil.com nebo moje <a href=\"https:\/\/jankratochvil.com\/kontakt-jan-kratochvil-fotograf-trebic\/\">kontakty na t\u00e9to str\u00e1nce<\/a>.<\/p>\n","protected":false},"excerpt":{"rendered":"<p>Digit\u00e1ln\u00ed fotografie Portr\u00e9tn\u00ed tvorba Skupinov\u00e1 focen\u00ed Tvorba obsahu fotografi\u00ed pro soci\u00e1ln\u00ed media a internetov\u00e9 prezentace dle kontr\u00e9tn\u00edho zad\u00e1n\u00ed P\u016fsobnost: cel\u00e1 \u010cR + Evropa Pro nez\u00e1vaznou cenovou nab\u00eddku mne kontaktujte pros\u00edm na uveden\u00fdch kontaktech: info@jankratochvil.com +420 702 147 081 nebo kontaktn\u00ed [&hellip;]<\/p>\n","protected":false},"author":2,"featured_media":0,"parent":0,"menu_order":0,"comment_status":"closed","ping_status":"closed","template":"","meta":{"_eb_attr":"","footnotes":""},"class_list":["post-530","page","type-page","status-publish","hentry"],"_links":{"self":[{"href":"https:\/\/jankratochvil.com\/cs_cz\/wp-json\/wp\/v2\/pages\/530","targetHints":{"allow":["GET"]}}],"collection":[{"href":"https:\/\/jankratochvil.com\/cs_cz\/wp-json\/wp\/v2\/pages"}],"about":[{"href":"https:\/\/jankratochvil.com\/cs_cz\/wp-json\/wp\/v2\/types\/page"}],"author":[{"embeddable":true,"href":"https:\/\/jankratochvil.com\/cs_cz\/wp-json\/wp\/v2\/users\/2"}],"replies":[{"embeddable":true,"href":"https:\/\/jankratochvil.com\/cs_cz\/wp-json\/wp\/v2\/comments?post=530"}],"version-history":[{"count":5,"href":"https:\/\/jankratochvil.com\/cs_cz\/wp-json\/wp\/v2\/pages\/530\/revisions"}],"predecessor-version":[{"id":11305,"href":"https:\/\/jankratochvil.com\/cs_cz\/wp-json\/wp\/v2\/pages\/530\/revisions\/11305"}],"wp:attachment":[{"href":"https:\/\/jankratochvil.com\/cs_cz\/wp-json\/wp\/v2\/media?parent=530"}],"curies":[{"name":"wp","href":"https:\/\/api.w.org\/{rel}","templated":true}]}}