{"id":1499,"date":"2016-07-31T13:12:11","date_gmt":"2016-07-31T13:12:11","guid":{"rendered":"http:\/\/jankratochvil.com\/?page_id=1499"},"modified":"2016-07-31T13:12:11","modified_gmt":"2016-07-31T13:12:11","slug":"kolodium-fotografie-collodion-photography-jan-kratochvil-wet-plate","status":"publish","type":"page","link":"https:\/\/jankratochvil.com\/cs_cz\/kolodium-fotografie-collodion-photography-jan-kratochvil-wet-plate\/","title":{"rendered":"kolodium-fotografie-collodion-photography-jan-kratochvil-wet-plate"},"content":{"rendered":"\n\t\t<style type=\"text\/css\">\n\t\t\t#gallery-1 {\n\t\t\t\tmargin: auto;\n\t\t\t}\n\t\t\t#gallery-1 .gallery-item {\n\t\t\t\tfloat: left;\n\t\t\t\tmargin-top: 10px;\n\t\t\t\ttext-align: center;\n\t\t\t\twidth: 33%;\n\t\t\t}\n\t\t\t#gallery-1 img {\n\t\t\t\tborder: 2px solid #cfcfcf;\n\t\t\t}\n\t\t\t#gallery-1 .gallery-caption {\n\t\t\t\tmargin-left: 0;\n\t\t\t}\n\t\t\t\/* see gallery_shortcode() in wp-includes\/media.php *\/\n\t\t<\/style>\n\t\t<div id='gallery-1' class='gallery galleryid-1499 gallery-columns-3 gallery-size-thumbnail'><dl class='gallery-item'>\n\t\t\t<dt class='gallery-icon portrait'>\n\t\t\t\t<a href='https:\/\/jankratochvil.com\/cs_cz\/i-and-lisa-19-www\/'><img decoding=\"async\" width=\"150\" height=\"150\" src=\"https:\/\/jankratochvil.com\/wp-content\/uploads\/2015\/03\/I-and-Lisa-19-www-150x150.jpg\" class=\"attachment-thumbnail size-thumbnail\" alt=\"\" aria-describedby=\"gallery-1-919\" \/><\/a>\n\t\t\t<\/dt>\n\t\t\t\t<dd class='wp-caption-text gallery-caption' id='gallery-1-919'>\n\t\t\t\tJan\n\t\t\t\t<\/dd><\/dl><dl class='gallery-item'>\n\t\t\t<dt class='gallery-icon portrait'>\n\t\t\t\t<a href='https:\/\/jankratochvil.com\/cs_cz\/portraits-full-height-slideshow-by-jan-kratochvil\/kolodium-kolodium-kolodium-collodion-silvano-ecw-2016\/'><img decoding=\"async\" width=\"150\" height=\"150\" src=\"https:\/\/jankratochvil.com\/wp-content\/uploads\/2015\/06\/kolodium-kolodium-kolodium-collodion-Silvano-ECW-2016-e1469523355520-150x150.jpg\" class=\"attachment-thumbnail size-thumbnail\" alt=\"portr\u00e9t kolodium Jan Kratochv\u00edl fotograf T\u0159eb\u00ed\u010d\" aria-describedby=\"gallery-1-1450\" \/><\/a>\n\t\t\t<\/dt>\n\t\t\t\t<dd class='wp-caption-text gallery-caption' id='gallery-1-1450'>\n\t\t\t\tSilvano Magnone\n\t\t\t\t<\/dd><\/dl><dl class='gallery-item'>\n\t\t\t<dt class='gallery-icon portrait'>\n\t\t\t\t<a href='https:\/\/jankratochvil.com\/cs_cz\/european-collodion-weekend-2014\/borut-12-www\/'><img decoding=\"async\" width=\"150\" height=\"150\" src=\"https:\/\/jankratochvil.com\/wp-content\/uploads\/2015\/03\/Borut-12-www-150x150.jpg\" class=\"attachment-thumbnail size-thumbnail\" alt=\"\" aria-describedby=\"gallery-1-922\" \/><\/a>\n\t\t\t<\/dt>\n\t\t\t\t<dd class='wp-caption-text gallery-caption' id='gallery-1-922'>\n\t\t\t\tBorut Peterlin\n\t\t\t\t<\/dd><\/dl><br style=\"clear: both\" \/><dl class='gallery-item'>\n\t\t\t<dt class='gallery-icon portrait'>\n\t\t\t\t<a href='https:\/\/jankratochvil.com\/cs_cz\/radek-13-www\/'><img loading=\"lazy\" decoding=\"async\" width=\"150\" height=\"150\" src=\"https:\/\/jankratochvil.com\/wp-content\/uploads\/2015\/03\/Radek-13-www-150x150.jpg\" class=\"attachment-thumbnail size-thumbnail\" alt=\"\" aria-describedby=\"gallery-1-911\" \/><\/a>\n\t\t\t<\/dt>\n\t\t\t\t<dd class='wp-caption-text gallery-caption' id='gallery-1-911'>\n\t\t\t\tAgnes\n\t\t\t\t<\/dd><\/dl><dl class='gallery-item'>\n\t\t\t<dt class='gallery-icon portrait'>\n\t\t\t\t<a href='https:\/\/jankratochvil.com\/cs_cz\/filip-9-www\/'><img loading=\"lazy\" decoding=\"async\" width=\"150\" height=\"150\" src=\"https:\/\/jankratochvil.com\/wp-content\/uploads\/2015\/03\/Filip-9-www-150x150.jpg\" class=\"attachment-thumbnail size-thumbnail\" alt=\"\" aria-describedby=\"gallery-1-921\" \/><\/a>\n\t\t\t<\/dt>\n\t\t\t\t<dd class='wp-caption-text gallery-caption' id='gallery-1-921'>\n\t\t\t\tFilip\n\t\t\t\t<\/dd><\/dl><dl class='gallery-item'>\n\t\t\t<dt class='gallery-icon portrait'>\n\t\t\t\t<a href='https:\/\/jankratochvil.com\/cs_cz\/matty-10-www\/'><img loading=\"lazy\" decoding=\"async\" width=\"150\" height=\"150\" src=\"https:\/\/jankratochvil.com\/wp-content\/uploads\/2015\/03\/Matty-10-www-150x150.jpg\" class=\"attachment-thumbnail size-thumbnail\" alt=\"\" aria-describedby=\"gallery-1-913\" \/><\/a>\n\t\t\t<\/dt>\n\t\t\t\t<dd class='wp-caption-text gallery-caption' id='gallery-1-913'>\n\t\t\t\tMat\u011bj\n\t\t\t\t<\/dd><\/dl><br style=\"clear: both\" \/><dl class='gallery-item'>\n\t\t\t<dt class='gallery-icon portrait'>\n\t\t\t\t<a href='https:\/\/jankratochvil.com\/cs_cz\/jan-u-14-www\/'><img loading=\"lazy\" decoding=\"async\" width=\"150\" height=\"150\" src=\"https:\/\/jankratochvil.com\/wp-content\/uploads\/2015\/03\/Jan-U-14-www-150x150.jpg\" class=\"attachment-thumbnail size-thumbnail\" alt=\"\" aria-describedby=\"gallery-1-917\" \/><\/a>\n\t\t\t<\/dt>\n\t\t\t\t<dd class='wp-caption-text gallery-caption' id='gallery-1-917'>\n\t\t\t\tJan U.\n\t\t\t\t<\/dd><\/dl><dl class='gallery-item'>\n\t\t\t<dt class='gallery-icon portrait'>\n\t\t\t\t<a href='https:\/\/jankratochvil.com\/cs_cz\/robert-11-www\/'><img loading=\"lazy\" decoding=\"async\" width=\"150\" height=\"150\" src=\"https:\/\/jankratochvil.com\/wp-content\/uploads\/2015\/03\/Robert-11-www-150x150.jpg\" class=\"attachment-thumbnail size-thumbnail\" alt=\"\" aria-describedby=\"gallery-1-910\" \/><\/a>\n\t\t\t<\/dt>\n\t\t\t\t<dd class='wp-caption-text gallery-caption' id='gallery-1-910'>\n\t\t\t\tRobert Vlach\n\t\t\t\t<\/dd><\/dl><dl class='gallery-item'>\n\t\t\t<dt class='gallery-icon portrait'>\n\t\t\t\t<a href='https:\/\/jankratochvil.com\/cs_cz\/jan-k-15-www\/'><img loading=\"lazy\" decoding=\"async\" width=\"150\" height=\"150\" src=\"https:\/\/jankratochvil.com\/wp-content\/uploads\/2015\/03\/Jan-K-15-www-150x150.jpg\" class=\"attachment-thumbnail size-thumbnail\" alt=\"\" aria-describedby=\"gallery-1-918\" \/><\/a>\n\t\t\t<\/dt>\n\t\t\t\t<dd class='wp-caption-text gallery-caption' id='gallery-1-918'>\n\t\t\t\tJan Kratochvil sen.\n\t\t\t\t<\/dd><\/dl><br style=\"clear: both\" \/><dl class='gallery-item'>\n\t\t\t<dt class='gallery-icon portrait'>\n\t\t\t\t<a href='https:\/\/jankratochvil.com\/cs_cz\/?attachment_id=1238'><img loading=\"lazy\" decoding=\"async\" width=\"150\" height=\"150\" src=\"https:\/\/jankratochvil.com\/wp-content\/uploads\/2014\/01\/kolodium-wetplate-collodion-ambrotype-olivie-guitar-by-jan-kratochvil-trebic-bw-150x150.jpg\" class=\"attachment-thumbnail size-thumbnail\" alt=\"Olivie with guitar\" aria-describedby=\"gallery-1-1238\" \/><\/a>\n\t\t\t<\/dt>\n\t\t\t\t<dd class='wp-caption-text gallery-caption' id='gallery-1-1238'>\n\t\t\t\tOlivie with her guitar\n\t\t\t\t<\/dd><\/dl><dl class='gallery-item'>\n\t\t\t<dt class='gallery-icon portrait'>\n\t\t\t\t<a href='https:\/\/jankratochvil.com\/cs_cz\/portraits-full-height-slideshow-by-jan-kratochvil\/20150928_001-copy-www\/'><img loading=\"lazy\" decoding=\"async\" width=\"150\" height=\"150\" src=\"https:\/\/jankratochvil.com\/wp-content\/uploads\/2015\/10\/20150928_001-copy-www-150x150.jpg\" class=\"attachment-thumbnail size-thumbnail\" alt=\"kolodium\" aria-describedby=\"gallery-1-1108\" \/><\/a>\n\t\t\t<\/dt>\n\t\t\t\t<dd class='wp-caption-text gallery-caption' id='gallery-1-1108'>\n\t\t\t\tOlivie &#038; Julie\n\t\t\t\t<\/dd><\/dl><dl class='gallery-item'>\n\t\t\t<dt class='gallery-icon portrait'>\n\t\t\t\t<a href='https:\/\/jankratochvil.com\/cs_cz\/portraits-full-height-slideshow-by-jan-kratochvil\/kolodium-collodion-wet-plate-photography-jan-kratochvil-ambrotype\/'><img loading=\"lazy\" decoding=\"async\" width=\"150\" height=\"150\" src=\"https:\/\/jankratochvil.com\/wp-content\/uploads\/2016\/04\/kolodium-collodion-wet-plate-photography-jan-kratochvil-ambrotype-150x150.jpg\" class=\"attachment-thumbnail size-thumbnail\" alt=\"kolodium-collodion-wet-plate-photography-jan-kratochvil-ambrotype\" aria-describedby=\"gallery-1-1438\" \/><\/a>\n\t\t\t<\/dt>\n\t\t\t\t<dd class='wp-caption-text gallery-caption' id='gallery-1-1438'>\n\t\t\t\tkolodium-collodion-wet-plate-photography-jan-kratochvil-ambrotype\n\t\t\t\t<\/dd><\/dl><br style=\"clear: both\" \/><dl class='gallery-item'>\n\t\t\t<dt class='gallery-icon portrait'>\n\t\t\t\t<a href='https:\/\/jankratochvil.com\/cs_cz\/kolodium-wetplate-ambrotype-olivie-and-friends-by-jan-kratochvil-bw\/'><img loading=\"lazy\" decoding=\"async\" width=\"150\" height=\"150\" src=\"https:\/\/jankratochvil.com\/wp-content\/uploads\/2015\/10\/kolodium-wetplate-ambrotype-olivie-and-friends-by-jan-kratochvil-bw-150x150.jpg\" class=\"attachment-thumbnail size-thumbnail\" alt=\"Kolodium.cz\" aria-describedby=\"gallery-1-1118\" \/><\/a>\n\t\t\t<\/dt>\n\t\t\t\t<dd class='wp-caption-text gallery-caption' id='gallery-1-1118'>\n\t\t\t\tOlivie &#038; Kristyna &#038; Leontynka \n\t\t\t\t<\/dd><\/dl><dl class='gallery-item'>\n\t\t\t<dt class='gallery-icon portrait'>\n\t\t\t\t<a href='https:\/\/jankratochvil.com\/cs_cz\/?attachment_id=1055'><img loading=\"lazy\" decoding=\"async\" width=\"150\" height=\"150\" src=\"https:\/\/jankratochvil.com\/wp-content\/uploads\/2014\/01\/20150823_retouched-www-www-150x150.jpg\" class=\"attachment-thumbnail size-thumbnail\" alt=\"Olivie &amp; Karolina 2015\" aria-describedby=\"gallery-1-1055\" \/><\/a>\n\t\t\t<\/dt>\n\t\t\t\t<dd class='wp-caption-text gallery-caption' id='gallery-1-1055'>\n\t\t\t\tOlivie &#038; Karolina 2015\n\t\t\t\t<\/dd><\/dl><dl class='gallery-item'>\n\t\t\t<dt class='gallery-icon portrait'>\n\t\t\t\t<a href='https:\/\/jankratochvil.com\/cs_cz\/martina-8-www\/'><img loading=\"lazy\" decoding=\"async\" width=\"150\" height=\"150\" src=\"https:\/\/jankratochvil.com\/wp-content\/uploads\/2015\/03\/Martina-8-www-150x150.jpg\" class=\"attachment-thumbnail size-thumbnail\" alt=\"\" aria-describedby=\"gallery-1-914\" \/><\/a>\n\t\t\t<\/dt>\n\t\t\t\t<dd class='wp-caption-text gallery-caption' id='gallery-1-914'>\n\t\t\t\tMartina\n\t\t\t\t<\/dd><\/dl><br style=\"clear: both\" \/><dl class='gallery-item'>\n\t\t\t<dt class='gallery-icon portrait'>\n\t\t\t\t<a href='https:\/\/jankratochvil.com\/cs_cz\/lucie-5-www\/'><img loading=\"lazy\" decoding=\"async\" width=\"150\" height=\"150\" src=\"https:\/\/jankratochvil.com\/wp-content\/uploads\/2015\/03\/Lucie-5-www-150x150.jpg\" class=\"attachment-thumbnail size-thumbnail\" alt=\"\" aria-describedby=\"gallery-1-915\" \/><\/a>\n\t\t\t<\/dt>\n\t\t\t\t<dd class='wp-caption-text gallery-caption' id='gallery-1-915'>\n\t\t\t\tLucie\n\t\t\t\t<\/dd><\/dl><dl class='gallery-item'>\n\t\t\t<dt class='gallery-icon portrait'>\n\t\t\t\t<a href='https:\/\/jankratochvil.com\/cs_cz\/20150221_001-www\/'><img loading=\"lazy\" decoding=\"async\" width=\"150\" height=\"150\" src=\"https:\/\/jankratochvil.com\/wp-content\/uploads\/2015\/03\/20150221_001-www-150x150.jpg\" class=\"attachment-thumbnail size-thumbnail\" alt=\"\" aria-describedby=\"gallery-1-908\" \/><\/a>\n\t\t\t<\/dt>\n\t\t\t\t<dd class='wp-caption-text gallery-caption' id='gallery-1-908'>\n\t\t\t\tPetra\n\t\t\t\t<\/dd><\/dl><dl class='gallery-item'>\n\t\t\t<dt class='gallery-icon portrait'>\n\t\t\t\t<a href='https:\/\/jankratochvil.com\/cs_cz\/hana-4-www\/'><img loading=\"lazy\" decoding=\"async\" width=\"150\" height=\"150\" src=\"https:\/\/jankratochvil.com\/wp-content\/uploads\/2015\/03\/Hana-4-www-150x150.jpg\" class=\"attachment-thumbnail size-thumbnail\" alt=\"\" aria-describedby=\"gallery-1-920\" \/><\/a>\n\t\t\t<\/dt>\n\t\t\t\t<dd class='wp-caption-text gallery-caption' id='gallery-1-920'>\n\t\t\t\tHana\n\t\t\t\t<\/dd><\/dl><br style=\"clear: both\" \/><dl class='gallery-item'>\n\t\t\t<dt class='gallery-icon portrait'>\n\t\t\t\t<a href='https:\/\/jankratochvil.com\/cs_cz\/adela-3-www\/'><img loading=\"lazy\" decoding=\"async\" width=\"150\" height=\"150\" src=\"https:\/\/jankratochvil.com\/wp-content\/uploads\/2015\/03\/Adela-3-www-150x150.jpg\" class=\"attachment-thumbnail size-thumbnail\" alt=\"\" aria-describedby=\"gallery-1-923\" \/><\/a>\n\t\t\t<\/dt>\n\t\t\t\t<dd class='wp-caption-text gallery-caption' id='gallery-1-923'>\n\t\t\t\tAdela\n\t\t\t\t<\/dd><\/dl><dl class='gallery-item'>\n\t\t\t<dt class='gallery-icon portrait'>\n\t\t\t\t<a href='https:\/\/jankratochvil.com\/cs_cz\/julie-2-www\/'><img loading=\"lazy\" decoding=\"async\" width=\"150\" height=\"150\" src=\"https:\/\/jankratochvil.com\/wp-content\/uploads\/2015\/03\/Julie-2-www-150x150.jpg\" class=\"attachment-thumbnail size-thumbnail\" alt=\"\" aria-describedby=\"gallery-1-916\" \/><\/a>\n\t\t\t<\/dt>\n\t\t\t\t<dd class='wp-caption-text gallery-caption' id='gallery-1-916'>\n\t\t\t\tJulie\n\t\t\t\t<\/dd><\/dl><dl class='gallery-item'>\n\t\t\t<dt class='gallery-icon portrait'>\n\t\t\t\t<a href='https:\/\/jankratochvil.com\/cs_cz\/olivie-1-www\/'><img loading=\"lazy\" decoding=\"async\" width=\"150\" height=\"150\" src=\"https:\/\/jankratochvil.com\/wp-content\/uploads\/2015\/03\/Olivie-1-www-150x150.jpg\" class=\"attachment-thumbnail size-thumbnail\" alt=\"\" aria-describedby=\"gallery-1-912\" \/><\/a>\n\t\t\t<\/dt>\n\t\t\t\t<dd class='wp-caption-text gallery-caption' id='gallery-1-912'>\n\t\t\t\tOlivie\n\t\t\t\t<\/dd><\/dl><br style=\"clear: both\" \/>\n\t\t<\/div>\n\n","protected":false},"excerpt":{"rendered":"","protected":false},"author":1,"featured_media":0,"parent":0,"menu_order":0,"comment_status":"closed","ping_status":"closed","template":"template-full-height-slideshow.php","meta":{"_eb_attr":"","footnotes":""},"class_list":["post-1499","page","type-page","status-publish","hentry"],"_links":{"self":[{"href":"https:\/\/jankratochvil.com\/cs_cz\/wp-json\/wp\/v2\/pages\/1499","targetHints":{"allow":["GET"]}}],"collection":[{"href":"https:\/\/jankratochvil.com\/cs_cz\/wp-json\/wp\/v2\/pages"}],"about":[{"href":"https:\/\/jankratochvil.com\/cs_cz\/wp-json\/wp\/v2\/types\/page"}],"author":[{"embeddable":true,"href":"https:\/\/jankratochvil.com\/cs_cz\/wp-json\/wp\/v2\/users\/1"}],"replies":[{"embeddable":true,"href":"https:\/\/jankratochvil.com\/cs_cz\/wp-json\/wp\/v2\/comments?post=1499"}],"version-history":[{"count":0,"href":"https:\/\/jankratochvil.com\/cs_cz\/wp-json\/wp\/v2\/pages\/1499\/revisions"}],"wp:attachment":[{"href":"https:\/\/jankratochvil.com\/cs_cz\/wp-json\/wp\/v2\/media?parent=1499"}],"curies":[{"name":"wp","href":"https:\/\/api.w.org\/{rel}","templated":true}]}}